{"id":724,"date":"2021-02-25T15:31:18","date_gmt":"2021-02-25T14:31:18","guid":{"rendered":"http:\/\/monperejeanmamy.fr\/?page_id=724"},"modified":"2021-02-25T15:31:39","modified_gmt":"2021-02-25T14:31:39","slug":"socialisme-oui-social-democratie-non","status":"publish","type":"page","link":"https:\/\/monperejeanmamy.fr\/?page_id=724","title":{"rendered":"Socialisme, oui ! Social-d\u00e9mocratie, non !"},"content":{"rendered":"<p><img loading=\"lazy\" class=\"aligncenter size-full wp-image-683\" src=\"http:\/\/monperejeanmamy.fr\/wp-content\/uploads\/2021\/02\/Socialisme-oui-Social-democratie-non-scaled.jpg\" alt=\"\" width=\"2560\" height=\"1388\" srcset=\"https:\/\/monperejeanmamy.fr\/wp-content\/uploads\/2021\/02\/Socialisme-oui-Social-democratie-non-scaled.jpg 2560w, https:\/\/monperejeanmamy.fr\/wp-content\/uploads\/2021\/02\/Socialisme-oui-Social-democratie-non-300x163.jpg 300w, https:\/\/monperejeanmamy.fr\/wp-content\/uploads\/2021\/02\/Socialisme-oui-Social-democratie-non-1024x555.jpg 1024w, https:\/\/monperejeanmamy.fr\/wp-content\/uploads\/2021\/02\/Socialisme-oui-Social-democratie-non-768x416.jpg 768w, https:\/\/monperejeanmamy.fr\/wp-content\/uploads\/2021\/02\/Socialisme-oui-Social-democratie-non-1536x833.jpg 1536w, https:\/\/monperejeanmamy.fr\/wp-content\/uploads\/2021\/02\/Socialisme-oui-Social-democratie-non-2048x1110.jpg 2048w, https:\/\/monperejeanmamy.fr\/wp-content\/uploads\/2021\/02\/Socialisme-oui-Social-democratie-non-500x271.jpg 500w\" sizes=\"(max-width: 2560px) 100vw, 2560px\" \/><\/p>\n<p style=\"text-align: justify;\">La bande de vieilles barbes ma\u00e7onniques et marxistes, qui s&rsquo;est coagul\u00e9e autour de journaux conformistes r\u00e9publicains, b\u00eale \u00e0 qui veut l&rsquo;entendre (ils ne sont plus tr\u00e8s nombreux, les auditeurs de nos anciens ministres : la d\u00e9ception est grande chez les ex-parlementaires) que la France de demain sera socialiste selon le \u00ab g\u00e9nie \u00bb fran\u00e7ais !<\/p>\n<p style=\"text-align: justify;\">Nos imb\u00e9ciles \u2014qui sont aussi des cyniques, des roublards, voire des malfaiteurs, car ils furent de ceux qui pouss\u00e8rent les masses \u00e0 l&rsquo;antifascisme\u2014 se rendent-ils compte exactement de l&rsquo;\u00e9tat de l&rsquo;opinion publique qu&rsquo;ils cherchent \u00e0 s\u00e9duire ? Jamais la foule ne fut si loin d\u2019eux. Jamais candidats \u00e0 la d\u00e9putation eurent moins de chance. Le pire mal qu&rsquo;on pourrait leur souhaiter serait une exp\u00e9rience \u00e9lectorale. Ils verraient combien de voix r\u00e9colteraient p\u00e9niblement leurs all\u00e9chants programmes de st\u00e9rile syndicalisme r\u00e9volutionnaire. On ne pense pas qu&rsquo;ils puissent rester plus de 30 secondes sur une estrade en p\u00e9riode de r\u00e9unions contradictoires. Et leurs sbires d\u00e9catis et chauves, habitu\u00e9s \u00e0 faire la police s\u00e9nile des convents ma\u00e7onniques, seraient balay\u00e9s par la meute hurlante des \u00e9lecteurs affam\u00e9s d&rsquo;indignation nationale. C&rsquo;est \u00e0 coups de bottes que seraient ch\u00e2ti\u00e9s ces vieux supp\u00f4ts du lib\u00e9ralisme qui, depuis un si\u00e8cle, ne proposent aux foules que la stupide solution sociale-d\u00e9mocrate dans l&rsquo;espoir de faire durer \u2014au mieux de leurs int\u00e9r\u00eats personnels\u2014 la vieille ploutocratie bourgeoise capitaliste fauteuse de guerre, de mis\u00e8re, de prol\u00e9tariat, de communisme et de toutes ses cons\u00e9quences tragiques.<\/p>\n<p style=\"text-align: justify;\">Nos rou\u00e9s imb\u00e9ciles se roulent dans la farine socialiste europ\u00e9enne pour faire oublier qu&rsquo;ils furent \u00ab Front rouge \u00bb et surtout pour dissimuler \u2014ce qui est plus grave\u2014 qu&rsquo;ils n&rsquo;ont jamais cess\u00e9 de l&rsquo;\u00eatre. Tel hebdomadaire, dont le patron fut un fameux soutien des trusts (si on en juge par la politique financi\u00e8re qu&rsquo;il accomplit sous L\u00e9on Blum, son Juif), affiche volontiers une indignation courrouc\u00e9e contre les fascistes fran\u00e7ais qui ne se tromp\u00e8rent pas et m\u00eame contre les militants de toutes nuances qui ne veulent plus qu&rsquo;on les trompe. \u00c0 croire ces vertueux socialistes de toujours, qui nous mentirent autant qu&rsquo;ils se mentirent \u00e0 eux-m\u00eames, le monopole de l&rsquo;amour du peuple appartient aux fossiles du syndicalisme et de la politique de gauche, aux aventuriers sp\u00e9cialis\u00e9s dans le n\u00e9o-socialisme d&rsquo;avant-guerre, \u00e0 ceux qui montraient les dents aux trusts en grima\u00e7ant jusqu&rsquo;\u00e0 ce que les subsides obtenus changent leurs fripes en sourires satisfaits. Quand ces socialistes marxistes furent-ils autres chose que de pauvres phraseurs, batteurs d&rsquo;estrade, vomissant des mots inutiles ? Quels capitalistes contraignirent-ils \u00e0 se d\u00e9vouer au bien national ? Quelles mesures prirent-ils, alors qu&rsquo;ils en avaient le pouvoir, contre les exc\u00e8s des trusts ? On se demande pourquoi ces employ\u00e9s de la ploutocratie apparaissent, apr\u00e8s la d\u00e9faite, comme les charan\u00e7ons vainqueurs qui ont d\u00e9truit la r\u00e9colte et qui attendent la prochaine avec app\u00e9tit. On ne voit pas aujourd&rsquo;hui que ces \u00e9quipes suspectes fassent autre chose que pr\u00eacher dans le d\u00e9sert, qu\u2019appeler en vain \u00e0 l&rsquo;union sociale des Fran\u00e7ais qui ont d&rsquo;autres soucis en t\u00eate que de s&rsquo;affubler des vieux oripeaux du marxisme antinational.<\/p>\n<p style=\"text-align: justify;\">En quoi le socialisme actuel europ\u00e9en, et le socialisme fran\u00e7ais possible, diff\u00e8rent-ils dans leur esprit et dans leurs propos de la vieille conception marxiste de la lutte des classes ou de l&rsquo;anarchisme individualiste ? Pour tenter de d\u00e9m\u00ealer les nuances de cet avenir de l&rsquo;Europe, il vaut mieux regarder en avant que s&rsquo;ent\u00eater \u00e0 ressusciter le pass\u00e9, la bataille de clans et l&rsquo;\u00e9ternelle politique du glissement \u00e0 gauche qui marqua tous les soubresauts de la III\u00e8me R\u00e9publique fran\u00e7aise.<\/p>\n<p style=\"text-align: justify;\">Le socialisme europ\u00e9en d&rsquo;aujourd&rsquo;hui est autoritaire partout. Il est national partout et, pourtant, il s&rsquo;adapte aux conceptions morales, aux traditions ethniques de chaque peuple. Le socialisme portugais est diff\u00e9rent de l&rsquo;espagnol, autant que le fascisme italien est loin de l\u2019hitl\u00e9risme. Il n&#8217;emp\u00eache que la base de chacun de ces mouvements est la m\u00eame : l&rsquo;\u00c9tat gouverne le peuple qui ne vote pas mais qui approuve. L&rsquo;\u00c9tat est repr\u00e9sent\u00e9 par un dictateur \u00e0 la t\u00eate d&rsquo;un parti.<\/p>\n<p style=\"text-align: justify;\">Ce principe est d\u00e9j\u00e0 devenu europ\u00e9en. Il tend \u00e0 \u00eatre universel, rempla\u00e7ant partout l\u2019id\u00e9e d\u00e9mocratique. C&rsquo;est ainsi que la sociale-d\u00e9mocratie fait place au socialisme national. L&rsquo;\u00e9galitarisme de tradition juive, paravent de la ploutocratie, s&rsquo;effondre. Appara\u00eet la hi\u00e9rarchie de la vieille soci\u00e9t\u00e9 aryenne. Hi\u00e9rarchie du chef et des cadres politiques. Hi\u00e9rarchie du principe spirituel. Hi\u00e9rarchie des responsables. On ne voit pas pourquoi le socialisme fran\u00e7ais \u00e9chapperait \u00e0 cette loi commune. On ne saisit pas quel bien pourrait advenir d&rsquo;une France \u2014\u00eelot d\u00e9mocratique europ\u00e9en\u2014 qui continueraient \u00e0 \u00eatre agit\u00e9e par les passions partisanes et courrait promptement \u00e0 la plus affreuse guerre civile. Une telle France serait obligatoirement un foyer communisant. C&rsquo;est \u00e0 quoi nous conduisent impudemment \u2014ou aveugl\u00e9ment\u2014- nous rougeoyants imb\u00e9ciles, nos socialistes de vieilles ob\u00e9dience marxiste, qui veulent bien accepter l&rsquo;Allemagne \u00e0 travers le souvenir du Juif Heine , mais qui grincent des dents devant le parti nazi, fort, antilib\u00e9ral, dynamique, national autant que social.<\/p>\n<p style=\"text-align: justify;\">La France de demain sera gouvern\u00e9e par un chef autoritaire ou elle mourra de la mort des d\u00e9mocraties pourrissantes. Il y a des lois de sant\u00e9 pour les peuples comme pour les individus. On ne peut pas impun\u00e9ment se livrer \u00e0 tous les exc\u00e8s de la d\u00e9bauche capitaliste et r\u00e9publicaine sans payer \u00e0 la fin le dure imp\u00f4t de la d\u00e9faite. Et surtout on ne peut pas esp\u00e9rer qu&rsquo;une soci\u00e9t\u00e9 mat\u00e9rialiste puisse durer de plus de quelques heures dans un monde qui exige des individus un perp\u00e9tuel renouvellement, un quotidien d\u00e9passement d&rsquo;eux-m\u00eames.<\/p>\n<p style=\"text-align: justify;\">La social-d\u00e9mocratie \u2014ou r\u00e9publique parlementaire\u2014 a tout confondu : neutralit\u00e9, ath\u00e9isme, la\u00efcit\u00e9, juiverie, grands principes philosophiques, socialisme \u00e9galitaire, etc\u2026 cha\u00eene d&rsquo;erreurs facilement d\u00e9celables. Nos journaux ma\u00e7onnisants d&rsquo;aujourd&rsquo;hui sont les derni\u00e8res cornes, sans cesse renaissantes, de cette hydre capitalisto-socialisto-d\u00e9mocratique.<\/p>\n<p style=\"text-align: justify;\">Nous esp\u00e9rons pouvoir les trancher d\u00e9finitivement. Tant pis pour nos enrag\u00e9s sociaux-d\u00e9mocrates ! Notre socialisme, \u00e0 nous, est bas\u00e9 sur l&rsquo;homme et sur le corps social en ordre. Le leur est b\u00e2ti sur l&rsquo;argent juif et sur la conception juive d&rsquo;un monde r\u00e9gi par la polytechnique et sur le d\u00e9sordre individualiste. Le n\u00f4tre et spirituel, le leur est lourdement technocrate. Le n\u00f4tre est fran\u00e7ais, le leur n&rsquo;a cherch\u00e9 qu&rsquo;\u00e0 jeter bas. Il veut niveler, raser la Montagne sainte, nier l&rsquo;esprit, vider le sang du peuple. Il veut jeter bas la nation pour \u00e9riger la dictature des masses. Quand on voit qui elles ont \u00e9lu, on fr\u00e9mit en pensant qu&rsquo;elles pourraient vouloir gouverner par mandataires encore plus incultes.<\/p>\n<p style=\"text-align: right;\">Paul Riche<\/p>\n","protected":false},"excerpt":{"rendered":"<p>La bande de vieilles barbes ma\u00e7onniques et marxistes, qui s&rsquo;est coagul\u00e9e autour de journaux conformistes r\u00e9publicains, b\u00eale \u00e0 qui veut l&rsquo;entendre (ils ne sont plus tr\u00e8s nombreux, les auditeurs de nos anciens ministres : la d\u00e9ception est grande chez les &hellip; <a href=\"https:\/\/monperejeanmamy.fr\/?page_id=724\">Continuer la lecture <span class=\"meta-nav\">&rarr;<\/span><\/a><\/p>\n","protected":false},"author":2,"featured_media":422,"parent":0,"menu_order":0,"comment_status":"closed","ping_status":"closed","template":"","meta":[],"folder":[],"_links":{"self":[{"href":"https:\/\/monperejeanmamy.fr\/index.php?rest_route=\/wp\/v2\/pages\/724"}],"collection":[{"href":"https:\/\/monperejeanmamy.fr\/index.php?rest_route=\/wp\/v2\/pages"}],"about":[{"href":"https:\/\/monperejeanmamy.fr\/index.php?rest_route=\/wp\/v2\/types\/page"}],"author":[{"embeddable":true,"href":"https:\/\/monperejeanmamy.fr\/index.php?rest_route=\/wp\/v2\/users\/2"}],"replies":[{"embeddable":true,"href":"https:\/\/monperejeanmamy.fr\/index.php?rest_route=%2Fwp%2Fv2%2Fcomments&post=724"}],"version-history":[{"count":2,"href":"https:\/\/monperejeanmamy.fr\/index.php?rest_route=\/wp\/v2\/pages\/724\/revisions"}],"predecessor-version":[{"id":726,"href":"https:\/\/monperejeanmamy.fr\/index.php?rest_route=\/wp\/v2\/pages\/724\/revisions\/726"}],"wp:featuredmedia":[{"embeddable":true,"href":"https:\/\/monperejeanmamy.fr\/index.php?rest_route=\/wp\/v2\/media\/422"}],"wp:attachment":[{"href":"https:\/\/monperejeanmamy.fr\/index.php?rest_route=%2Fwp%2Fv2%2Fmedia&parent=724"}],"wp:term":[{"taxonomy":"folder","embeddable":true,"href":"https:\/\/monperejeanmamy.fr\/index.php?rest_route=%2Fwp%2Fv2%2Ffolder&post=724"}],"curies":[{"name":"wp","href":"https:\/\/api.w.org\/{rel}","templated":true}]}}