{"id":730,"date":"2021-02-25T15:33:54","date_gmt":"2021-02-25T14:33:54","guid":{"rendered":"http:\/\/monperejeanmamy.fr\/?page_id=730"},"modified":"2021-02-25T15:33:54","modified_gmt":"2021-02-25T14:33:54","slug":"une-manoeuvre-maconnique","status":"publish","type":"page","link":"https:\/\/monperejeanmamy.fr\/?page_id=730","title":{"rendered":"Une man\u0153uvre ma\u00e7onnique"},"content":{"rendered":"<p><img loading=\"lazy\" class=\"aligncenter size-full wp-image-684\" src=\"http:\/\/monperejeanmamy.fr\/wp-content\/uploads\/2021\/02\/Une-manoeuvre-maconnique-scaled.jpg\" alt=\"\" width=\"2560\" height=\"1328\" srcset=\"https:\/\/monperejeanmamy.fr\/wp-content\/uploads\/2021\/02\/Une-manoeuvre-maconnique-scaled.jpg 2560w, https:\/\/monperejeanmamy.fr\/wp-content\/uploads\/2021\/02\/Une-manoeuvre-maconnique-300x156.jpg 300w, https:\/\/monperejeanmamy.fr\/wp-content\/uploads\/2021\/02\/Une-manoeuvre-maconnique-1024x531.jpg 1024w, https:\/\/monperejeanmamy.fr\/wp-content\/uploads\/2021\/02\/Une-manoeuvre-maconnique-768x398.jpg 768w, https:\/\/monperejeanmamy.fr\/wp-content\/uploads\/2021\/02\/Une-manoeuvre-maconnique-1536x797.jpg 1536w, https:\/\/monperejeanmamy.fr\/wp-content\/uploads\/2021\/02\/Une-manoeuvre-maconnique-2048x1062.jpg 2048w, https:\/\/monperejeanmamy.fr\/wp-content\/uploads\/2021\/02\/Une-manoeuvre-maconnique-500x259.jpg 500w\" sizes=\"(max-width: 2560px) 100vw, 2560px\" \/><\/p>\n<p style=\"text-align: justify;\">Le d\u00e9pouillement des archives du Grand Orient et de la Grande loge a fait appara\u00eetre au grand jour cette simple v\u00e9rit\u00e9, ni\u00e9e par les francs-ma\u00e7ons, que la secte s\u2019occupait surtout de politique \u2014on peut m\u00eame affirmer\u2014 uniquement de politique. Ce ne sont pas les quelques cas isol\u00e9s de ma\u00e7ons fumeux, se pr\u00e9tendant initi\u00e9s \u00e0 l&rsquo;herm\u00e9tisme, \u00e0 certaines formes raffin\u00e9es de la th\u00e9osophie ou \u00e0 d&rsquo;autres religiosit\u00e9s plus ou moins \u00e9tranges et sans valeur, qui peuvent infirmer notre constatation. Que ce soit \u00e0 Paris ou en province dans les loges bleues, les chapitres ou les ateliers sup\u00e9rieurs, la ma\u00e7onnerie fran\u00e7aise ne s&rsquo;occupait que de gouverner occultement le pays par comit\u00e9s, par groupements, par partis, par parlementaires, par tout ce r\u00e9seau d&rsquo;agents secrets qu&rsquo;elle avait plac\u00e9s \u00e0 tous les postes de commande.<\/p>\n<p style=\"text-align: justify;\">Une telle puissance ne se d\u00e9truit pas en un jour, par simple d\u00e9cret, ni m\u00eame en deux ans, par campagnes de presse et mesures administratives. L&rsquo;opinion publique, si r\u00e9volt\u00e9e soit-elle contre les ma\u00e7ons, n&rsquo;a pas non plus le souffle assez puissant pour les obliger \u00e0 se terrer dans leurs honte. De plus, on sait ce qu&rsquo;il faut penser de cette opinion de la foule, que les ma\u00e7ons eux-m\u00eames s&rsquo;entendent admirablement \u00e0 manipuler \u00e0 leur profit, et qu&rsquo;ils travaillent sourdement. La publication des listes, si elle a produit un heureux effet en indiquant pr\u00e9cis\u00e9ment qui \u00e9taient les ennemis de l&rsquo;ordre, n&rsquo;a pas \u00e9t\u00e9 assez diffus\u00e9e dans le grand public pour que celui-ci prit conscience du danger.<\/p>\n<p style=\"text-align: justify;\">Aujourd&rsquo;hui comme hier, la ma\u00e7onnerie fran\u00e7aise pr\u00e9tend continuer son Grand \u0152uvre : l&rsquo;\u00e9dification d&rsquo;une r\u00e9publique \u00e9galitaire o\u00f9 le Juif a le m\u00eame rang que l&rsquo;homme blanc. C&rsquo;\u00e9tait le but avou\u00e9 de la secte quand, il y a deux ans, poussant \u00e0 l&rsquo;antifascisme, elle cherchait \u00e0 d\u00e9truire toute autorit\u00e9, toute hi\u00e9rarchie, o\u00f9 qu\u2019elle f\u00fbt, dans l&rsquo;\u00c9glise ou dans l&rsquo;\u00c9tat, \u00e0 l&rsquo;\u00e9tranger ou sur le territoire national. La ma\u00e7onnerie fran\u00e7aise ne vivait que du r\u00e9gime r\u00e9publicain, et pour lui. Elle \u00e9tait \u00e0 ce point p\u00e9n\u00e9tr\u00e9e de sa mission d\u00e9mocratique qu&rsquo;elle pr\u00e9tendait officiellement \u00eatre la fondatrice, l&rsquo;inspiratrice, et le soutien de toutes les r\u00e9publiques que subirent la France et le monde depuis 1789. La ma\u00e7onnerie ne saurait nier sa responsabilit\u00e9 sur ce point. Il n&rsquo;y eut pas de r\u00e9publique sans ma\u00e7onnerie, ni ma\u00e7onnerie agissante sans cons\u00e9quence r\u00e9publicaine.<\/p>\n<p style=\"text-align: justify;\">C&rsquo;est pourquoi la campagne politique officiellement patronn\u00e9e dans l&rsquo;une ou l&rsquo;autre zone, en faveur d&rsquo;une IV\u00e8me R\u00e9publique, nous indique que les francs-ma\u00e7ons ont continu\u00e9 secr\u00e8tement leur mauvais travail. Non seulement la d\u00e9faite ne les a pas r\u00e9duits au silence, mais elle a r\u00e9veill\u00e9 en eux de nouvelles ambitions \u2014si odieux que cela puisse para\u00eetre. Apr\u00e8s avoir \u00e9t\u00e9 responsables de la guerre, de la d\u00e9route des esprits fran\u00e7ais, du pacifisme d\u00e9sarmant, de l&rsquo;antifascisme stupide, de la brouille France-Allemagne-Italie, ils pr\u00e9tendent r\u00e9tablir ici le r\u00e9gime stupide qui nous a conduit \u00e0 toutes les d\u00e9b\u00e2cles, et qui ne peut faire de la France que l&rsquo;abc\u00e8s de l&rsquo;Europe, car dans un monde assaini par le national-socialisme, par le racisme en action, la R\u00e9publique est l&rsquo;infection, le ferment juif entretenu.<\/p>\n<p style=\"text-align: justify;\">Plusieurs journaux ont m\u00eame entrepris de d\u00e9montrer que le socialisme fran\u00e7ais devait \u00eatre &#8211; pour correspondre au \u00ab g\u00e9nie \u00bb national ! \u2014Un socialisme anarchique, priv\u00e9e de chef, une sorte d\u2019individualisme communautaire. Un des leaders de ce mouvement ose m\u00eame user de termes blessants \u00e0 l&rsquo;\u00e9gard de nations voisines en les traitant de nations \u00ab caporalis\u00e9es \u00bb&#8230; La future organisation politique fran\u00e7aise telle que l&rsquo;imaginent ces anciens ministres du Front populaire, fauteurs \u00e9ternels de d\u00e9sordre, ne peut conduire qu&rsquo;\u00e0 la guerre civile ou bien \u00e0 un r\u00e9veil surprenant de l&rsquo;antifascisme europ\u00e9en. La ma\u00e7onnerie qui veut maintenant une France socialiste \u2014par en bas\u2014 une r\u00e9publique o\u00f9 l&rsquo;autorit\u00e9 soit attribu\u00e9e \u00e0 un parti unique \u2014non hi\u00e9rarchis\u00e9\u2014 et constituer une masse de votants, un r\u00e9gime \u00e9lectoral o\u00f9 recommencent les man\u0153uvres, les tractations, les combines et tout ce qu&rsquo;on connut de plus inf\u00e2me dans la corruption, cette ma\u00e7onnerie qui, ayant pourri le peuple fran\u00e7ais, pr\u00e9tend continuer \u00e0 se servir de ce grand corps malade pour durer elle-m\u00eame, comme le microbe a besoin d&rsquo;un organisme d\u00e9faillant pour faire son exp\u00e9rience de mort, cette ma\u00e7onnerie peut, en r\u00e9alit\u00e9, reconduire l&rsquo;Europe \u00e0 la Soci\u00e9t\u00e9 des Nations, \u00e0 la guerre \u00e9ternelle entre les id\u00e9ologies, \u00e0 la guerre civile de la race blanche !<\/p>\n<p style=\"text-align: justify;\">Et elle n&rsquo;a donc pas assez vers\u00e9 de sang fran\u00e7ais !<\/p>\n<p style=\"text-align: justify;\">Nous connaissons un par un les hommes qui tentent cette ultime revanche de la b\u00eate r\u00e9publicaine. Ce sont tous des \u00ab politiquards \u00bb que la r\u00e9volution fasciste fran\u00e7aise jettera au ruisseau avec fracas car on ne saurait taxer d&rsquo;inconscience leur actuel cynisme. Une pareille man\u0153uvre \u00e9lectorale, dans un moment si grave pour la France, ne peut se payer par le simple m\u00e9pris. Il faudra que le d\u00e9blayage r\u00e9publicain se fasse physiquement, puisqu&rsquo;ils n&rsquo;ont pas eu \u00e0 pudeur de se retirer de la sc\u00e8ne. Encore une fois, ce ne sont pas des hommes \u00ab de droite \u00bb qu&rsquo;ils ont contre eux, c&rsquo;est toute la France neuve ou r\u00e9g\u00e9n\u00e9r\u00e9e, c&rsquo;est toute la jeunesse impatiente de propret\u00e9 et d&rsquo;ordre, ce sont tous les militants, de quelconque nuance, d\u00e9sireux de puret\u00e9 sociale qui ne tol\u00e9reront pas que les vieilles \u00e9quipes continuent leurs m\u00e9faits sanglants. Les ob\u00e9diences ma\u00e7onniques \u2014si bizarre que cela puisse para\u00eetre\u2014 ont, en France, plusieurs journaux \u00e0 leur disposition \u2014dont, en zone occup\u00e9e, deux quotidiens et un hebdomadaire. Ce sont des abc\u00e8s de presse o\u00f9 le pus r\u00e9publicain coule de fa\u00e7on peu r\u00e9jouissante. Nous esp\u00e9rions plus de dignit\u00e9 dans la d\u00e9faite. Comment les Fran\u00e7ais peuvent-ils descendre si bas ?<\/p>\n<p style=\"text-align: justify;\">Bien plus : une circulaire ma\u00e7onnique, adress\u00e9e \u00e0 tous les dirigeants de la secte, il y a quelques jours, r\u00e9v\u00e8le le plan secret de ces vieux sectaires : r\u00e9tablir l\u2019inf\u00e2me r\u00e9gime, avec ses profits, ses principes fau et sa v\u00e9tust\u00e9 lib\u00e9rale ! Le scandale d\u00e9passe notre imagination. Pour ces sectaires, p\u00e9risse la France, mais vivent les larves \u00ab trois points \u00bb qui grouillent sur le cadavre de la patrie. Cette circulaire qui insulte les r\u00e9gimes autoritaires de l&rsquo;Europe, \u00e9mane d&rsquo;antres jud\u00e9ophiles que nous connaissons bien. Il y a des hommes \u00e0 Paris dont la passion antifasciste n&rsquo;est pas \u00e9teinte. Ils hurlent contre l&rsquo;ordre de la jeune Europe, tout comme en 1934, 1936 et 1939. Ce sont ces chiens enrag\u00e9s qu&rsquo;il faudra abattre bient\u00f4t, s&rsquo;ils veulent encore mordre.<\/p>\n<p>Paul Riche<\/p>\n","protected":false},"excerpt":{"rendered":"<p>Le d\u00e9pouillement des archives du Grand Orient et de la Grande loge a fait appara\u00eetre au grand jour cette simple v\u00e9rit\u00e9, ni\u00e9e par les francs-ma\u00e7ons, que la secte s\u2019occupait surtout de politique \u2014on peut m\u00eame affirmer\u2014 uniquement de politique. Ce &hellip; <a href=\"https:\/\/monperejeanmamy.fr\/?page_id=730\">Continuer la lecture <span class=\"meta-nav\">&rarr;<\/span><\/a><\/p>\n","protected":false},"author":2,"featured_media":422,"parent":0,"menu_order":0,"comment_status":"closed","ping_status":"closed","template":"","meta":[],"folder":[],"_links":{"self":[{"href":"https:\/\/monperejeanmamy.fr\/index.php?rest_route=\/wp\/v2\/pages\/730"}],"collection":[{"href":"https:\/\/monperejeanmamy.fr\/index.php?rest_route=\/wp\/v2\/pages"}],"about":[{"href":"https:\/\/monperejeanmamy.fr\/index.php?rest_route=\/wp\/v2\/types\/page"}],"author":[{"embeddable":true,"href":"https:\/\/monperejeanmamy.fr\/index.php?rest_route=\/wp\/v2\/users\/2"}],"replies":[{"embeddable":true,"href":"https:\/\/monperejeanmamy.fr\/index.php?rest_route=%2Fwp%2Fv2%2Fcomments&post=730"}],"version-history":[{"count":1,"href":"https:\/\/monperejeanmamy.fr\/index.php?rest_route=\/wp\/v2\/pages\/730\/revisions"}],"predecessor-version":[{"id":731,"href":"https:\/\/monperejeanmamy.fr\/index.php?rest_route=\/wp\/v2\/pages\/730\/revisions\/731"}],"wp:featuredmedia":[{"embeddable":true,"href":"https:\/\/monperejeanmamy.fr\/index.php?rest_route=\/wp\/v2\/media\/422"}],"wp:attachment":[{"href":"https:\/\/monperejeanmamy.fr\/index.php?rest_route=%2Fwp%2Fv2%2Fmedia&parent=730"}],"wp:term":[{"taxonomy":"folder","embeddable":true,"href":"https:\/\/monperejeanmamy.fr\/index.php?rest_route=%2Fwp%2Fv2%2Ffolder&post=730"}],"curies":[{"name":"wp","href":"https:\/\/api.w.org\/{rel}","templated":true}]}}