{"id":787,"date":"2021-02-28T12:34:23","date_gmt":"2021-02-28T11:34:23","guid":{"rendered":"http:\/\/monperejeanmamy.fr\/?page_id=787"},"modified":"2021-03-07T18:50:03","modified_gmt":"2021-03-07T17:50:03","slug":"le-diable-au-coeur","status":"publish","type":"page","link":"https:\/\/monperejeanmamy.fr\/?page_id=787","title":{"rendered":"Le diable au c\u0153ur"},"content":{"rendered":"<p style=\"text-align: justify;\">Le premier sc\u00e9nario de cette pi\u00e8ce, \u00e9crit par Jean Mamy sous le pseudonyme de Jean-Charles Marie, dont le titre initial \u00e9tait \u00ab <em>Dom Claude<\/em> \u00bb.a \u00e9t\u00e9 d\u00e9pos\u00e9 \u00e0 la Soci\u00e9t\u00e9 des Auteurs en 1934.<\/p>\n<p style=\"text-align: justify;\">Apr\u00e8s de nombreuses modifications, tant du titre que du contenu (pour en savoir plus <a href=\"http:\/\/monperejeanmamy.fr\/?page_id=791\">cliquez ici)<\/a>, elle sera annonc\u00e9e en 1942 sous le titre \u00ab\u00a0<em>\u00c9chec \u00e0 la dame\u00a0<\/em>\u00bb.<\/p>\n<p style=\"text-align: justify;\">Au final, la pi\u00e8ce sera \u00e0 l\u2019affiche du Th\u00e9\u00e2tre de la Potini\u00e8re, avec Ginette Leclerc dans le r\u00f4le de Gis\u00e8le et Lucien Gallas, son compagnon \u00e0 la ville. La G\u00e9n\u00e9rale, sous le nom de \u00ab\u00a0<em>Quatre c\u0153urs<\/em>\u00a0\u00bb sera annonc\u00e9e pour le 17 f\u00e9vrier 1943. Cependant, nul ne sait si elle sera r\u00e9ellement jou\u00e9e. On n\u2019en trouve trace nulle part.<\/p>\n<p style=\"text-align: justify;\">Les deux versions \u00ab divergent \u00bb au milieu de l\u2019acte II, sc\u00e8ne 7.<\/p>\n<h1 style=\"text-align: center;\">Version finale : <em>Le Diable au c\u0153ur<\/em><\/h1>\n<a href=\"\/?pdfemb-serveurl=http%3A%2F%2Fmonperejeanmamy.fr%2Fwp-content%2Fuploads%2Fsecurepdfs%2F2021%2F03%2FLe-Diable-au-coeur-version-finale-web.pdf\" class=\"pdfemb-viewer\" style=\"\" data-width=\"max\" data-height=\"max\" data-mobile-width=\"500\"  data-scrollbar=\"none\" data-download=\"off\" data-tracking=\"on\" data-newwindow=\"on\" data-pagetextbox=\"off\" data-scrolltotop=\"off\" data-startzoom=\"100\" data-startfpzoom=\"100\" data-download-nonce=\"3673ddd437\" data-disablerightclick=\"on\" data-toolbar=\"both\" data-toolbar-fixed=\"off\">Le Diable au coeur version finale web<br\/><\/a>\n<h1 style=\"text-align: center;\">Version 1934, <em>Dom Claude<\/em>, \u00e0 partir de l&rsquo;acte II, sc\u00e8ne 7<\/h1>\n<a href=\"\/?pdfemb-serveurl=http%3A%2F%2Fmonperejeanmamy.fr%2Fwp-content%2Fuploads%2Fsecurepdfs%2F2021%2F03%2FLe-Diable-au-coeur-version-1934-seconde-moitie-web.pdf\" class=\"pdfemb-viewer\" style=\"\" data-width=\"max\" data-height=\"max\" data-mobile-width=\"500\"  data-scrollbar=\"none\" data-download=\"off\" data-tracking=\"on\" data-newwindow=\"on\" data-pagetextbox=\"off\" data-scrolltotop=\"off\" data-startzoom=\"100\" data-startfpzoom=\"100\" data-download-nonce=\"1c23a7f43e\" data-disablerightclick=\"on\" data-toolbar=\"both\" data-toolbar-fixed=\"off\">Le Diable au coeur version 1934 seconde moiti\u00e9 web<br\/><\/a>\n","protected":false},"excerpt":{"rendered":"<p>Le premier sc\u00e9nario de cette pi\u00e8ce, \u00e9crit par Jean Mamy sous le pseudonyme de Jean-Charles Marie, dont le titre initial \u00e9tait \u00ab Dom Claude \u00bb.a \u00e9t\u00e9 d\u00e9pos\u00e9 \u00e0 la Soci\u00e9t\u00e9 des Auteurs en 1934. Apr\u00e8s de nombreuses modifications, tant du &hellip; <a href=\"https:\/\/monperejeanmamy.fr\/?page_id=787\">Continuer la lecture <span class=\"meta-nav\">&rarr;<\/span><\/a><\/p>\n","protected":false},"author":2,"featured_media":1141,"parent":0,"menu_order":0,"comment_status":"closed","ping_status":"closed","template":"","meta":[],"folder":[],"_links":{"self":[{"href":"https:\/\/monperejeanmamy.fr\/index.php?rest_route=\/wp\/v2\/pages\/787"}],"collection":[{"href":"https:\/\/monperejeanmamy.fr\/index.php?rest_route=\/wp\/v2\/pages"}],"about":[{"href":"https:\/\/monperejeanmamy.fr\/index.php?rest_route=\/wp\/v2\/types\/page"}],"author":[{"embeddable":true,"href":"https:\/\/monperejeanmamy.fr\/index.php?rest_route=\/wp\/v2\/users\/2"}],"replies":[{"embeddable":true,"href":"https:\/\/monperejeanmamy.fr\/index.php?rest_route=%2Fwp%2Fv2%2Fcomments&post=787"}],"version-history":[{"count":5,"href":"https:\/\/monperejeanmamy.fr\/index.php?rest_route=\/wp\/v2\/pages\/787\/revisions"}],"predecessor-version":[{"id":921,"href":"https:\/\/monperejeanmamy.fr\/index.php?rest_route=\/wp\/v2\/pages\/787\/revisions\/921"}],"wp:featuredmedia":[{"embeddable":true,"href":"https:\/\/monperejeanmamy.fr\/index.php?rest_route=\/wp\/v2\/media\/1141"}],"wp:attachment":[{"href":"https:\/\/monperejeanmamy.fr\/index.php?rest_route=%2Fwp%2Fv2%2Fmedia&parent=787"}],"wp:term":[{"taxonomy":"folder","embeddable":true,"href":"https:\/\/monperejeanmamy.fr\/index.php?rest_route=%2Fwp%2Fv2%2Ffolder&post=787"}],"curies":[{"name":"wp","href":"https:\/\/api.w.org\/{rel}","templated":true}]}}