{"id":791,"date":"2021-02-28T13:49:46","date_gmt":"2021-02-28T12:49:46","guid":{"rendered":"http:\/\/monperejeanmamy.fr\/?page_id=791"},"modified":"2021-02-28T14:33:35","modified_gmt":"2021-02-28T13:33:35","slug":"de-dom-claude-a-quatre-coeurs","status":"publish","type":"page","link":"https:\/\/monperejeanmamy.fr\/?page_id=791","title":{"rendered":"De \u00ab Dom Claude \u00bb \u00e0 \u00ab Quatre c\u0153urs \u00bb"},"content":{"rendered":"<p style=\"text-align: justify;\"><img loading=\"lazy\" class=\"alignright size-medium wp-image-807\" src=\"http:\/\/monperejeanmamy.fr\/wp-content\/uploads\/2021\/02\/1934-04-06-Depot-manuscrit-250x300.jpg\" alt=\"\" width=\"250\" height=\"300\" srcset=\"https:\/\/monperejeanmamy.fr\/wp-content\/uploads\/2021\/02\/1934-04-06-Depot-manuscrit-250x300.jpg 250w, https:\/\/monperejeanmamy.fr\/wp-content\/uploads\/2021\/02\/1934-04-06-Depot-manuscrit-768x923.jpg 768w, https:\/\/monperejeanmamy.fr\/wp-content\/uploads\/2021\/02\/1934-04-06-Depot-manuscrit.jpg 799w\" sizes=\"(max-width: 250px) 100vw, 250px\" \/>En 1934, Jean Mamy a \u00e9crit le premier sc\u00e9nario d&rsquo;une pi\u00e8ce qu&rsquo;il a d\u00e9pos\u00e9 \u00e0 la Soci\u00e9t\u00e9 des Auteurs sous le titre initial de \u00ab <em>Dom Claude<\/em>\u00a0\u00bb.<\/p>\n<p style=\"text-align: justify;\">En 1937, Jean Mamy essaye de la porter \u00e0 la sc\u00e8ne en en modifiant le nom pour retenir \u00ab\u00a0<em>Quatre c\u0153urs contr\u00e9s<\/em> \u00bb en r\u00e9f\u00e9rence au jeu de bridge du premier acte. Il compte y faire jouer son \u00e9pouse, Barbara Val, dans le r\u00f4le de Simone, et imagine Pierre Brasseur, Jean Tixier et Suzy Prim pour les trois autres r\u00f4les principaux.<\/p>\n<p><img loading=\"lazy\" class=\"aligncenter size-full wp-image-809\" src=\"http:\/\/monperejeanmamy.fr\/wp-content\/uploads\/2021\/02\/1937-05-05-Chgt-titre.jpg\" alt=\"\" width=\"804\" height=\"786\" srcset=\"https:\/\/monperejeanmamy.fr\/wp-content\/uploads\/2021\/02\/1937-05-05-Chgt-titre.jpg 804w, https:\/\/monperejeanmamy.fr\/wp-content\/uploads\/2021\/02\/1937-05-05-Chgt-titre-300x293.jpg 300w, https:\/\/monperejeanmamy.fr\/wp-content\/uploads\/2021\/02\/1937-05-05-Chgt-titre-768x751.jpg 768w, https:\/\/monperejeanmamy.fr\/wp-content\/uploads\/2021\/02\/1937-05-05-Chgt-titre-307x300.jpg 307w\" sizes=\"(max-width: 804px) 100vw, 804px\" \/><\/p>\n<p style=\"text-align: justify;\">La pi\u00e8ce est jug\u00e9e un peu leste, comme en t\u00e9moignent deux courriers de 1938, dont le second est sign\u00e9 Pierre Fresnay, Directeur du th\u00e9\u00e2tre de la Michodi\u00e8re.<\/p>\n<p><img loading=\"lazy\" class=\"aligncenter size-full wp-image-810\" src=\"http:\/\/monperejeanmamy.fr\/wp-content\/uploads\/2021\/02\/1938-01-10-Commentaire-Ministere.jpg\" alt=\"\" width=\"1250\" height=\"1074\" srcset=\"https:\/\/monperejeanmamy.fr\/wp-content\/uploads\/2021\/02\/1938-01-10-Commentaire-Ministere.jpg 1250w, https:\/\/monperejeanmamy.fr\/wp-content\/uploads\/2021\/02\/1938-01-10-Commentaire-Ministere-300x258.jpg 300w, https:\/\/monperejeanmamy.fr\/wp-content\/uploads\/2021\/02\/1938-01-10-Commentaire-Ministere-1024x880.jpg 1024w, https:\/\/monperejeanmamy.fr\/wp-content\/uploads\/2021\/02\/1938-01-10-Commentaire-Ministere-768x660.jpg 768w, https:\/\/monperejeanmamy.fr\/wp-content\/uploads\/2021\/02\/1938-01-10-Commentaire-Ministere-349x300.jpg 349w\" sizes=\"(max-width: 1250px) 100vw, 1250px\" \/><\/p>\n<p><img loading=\"lazy\" class=\"aligncenter size-full wp-image-811\" src=\"http:\/\/monperejeanmamy.fr\/wp-content\/uploads\/2021\/02\/1937-12-05-Courrier-Pierre-Fresnay.jpg\" alt=\"\" width=\"1128\" height=\"1263\" srcset=\"https:\/\/monperejeanmamy.fr\/wp-content\/uploads\/2021\/02\/1937-12-05-Courrier-Pierre-Fresnay.jpg 1128w, https:\/\/monperejeanmamy.fr\/wp-content\/uploads\/2021\/02\/1937-12-05-Courrier-Pierre-Fresnay-268x300.jpg 268w, https:\/\/monperejeanmamy.fr\/wp-content\/uploads\/2021\/02\/1937-12-05-Courrier-Pierre-Fresnay-915x1024.jpg 915w, https:\/\/monperejeanmamy.fr\/wp-content\/uploads\/2021\/02\/1937-12-05-Courrier-Pierre-Fresnay-768x860.jpg 768w\" sizes=\"(max-width: 1128px) 100vw, 1128px\" \/><\/p>\n<p style=\"text-align: justify;\">En 1942, C\u2019est finalement le Th\u00e9\u00e2tre de La Potini\u00e8re qui montrera un int\u00e9r\u00eat pour la pi\u00e8ce sous le nom \u00ab\u00a0<em>Le diable au c\u0153ur<\/em>\u00a0\u00bb, apr\u00e8s avoir \u00e9t\u00e9 \u00ab\u00a0<em>Le diable \u00e0 quatre<\/em>\u00a0\u00bb, titre qui risquait de faire concurrence \u00e0 une pi\u00e8ce en un acte jou\u00e9e \u00e0 la radio.<\/p>\n<p><img loading=\"lazy\" class=\"aligncenter size-full wp-image-812\" src=\"http:\/\/monperejeanmamy.fr\/wp-content\/uploads\/2021\/02\/19421210-Acceptation-Potiniere.jpg\" alt=\"\" width=\"1154\" height=\"884\" srcset=\"https:\/\/monperejeanmamy.fr\/wp-content\/uploads\/2021\/02\/19421210-Acceptation-Potiniere.jpg 1154w, https:\/\/monperejeanmamy.fr\/wp-content\/uploads\/2021\/02\/19421210-Acceptation-Potiniere-300x230.jpg 300w, https:\/\/monperejeanmamy.fr\/wp-content\/uploads\/2021\/02\/19421210-Acceptation-Potiniere-1024x784.jpg 1024w, https:\/\/monperejeanmamy.fr\/wp-content\/uploads\/2021\/02\/19421210-Acceptation-Potiniere-768x588.jpg 768w, https:\/\/monperejeanmamy.fr\/wp-content\/uploads\/2021\/02\/19421210-Acceptation-Potiniere-392x300.jpg 392w\" sizes=\"(max-width: 1154px) 100vw, 1154px\" \/><\/p>\n<p><img loading=\"lazy\" class=\"aligncenter size-full wp-image-813\" src=\"http:\/\/monperejeanmamy.fr\/wp-content\/uploads\/2021\/02\/1942-12-26-Demande-Chgt-titre.jpg\" alt=\"\" width=\"1102\" height=\"1133\" srcset=\"https:\/\/monperejeanmamy.fr\/wp-content\/uploads\/2021\/02\/1942-12-26-Demande-Chgt-titre.jpg 1102w, https:\/\/monperejeanmamy.fr\/wp-content\/uploads\/2021\/02\/1942-12-26-Demande-Chgt-titre-292x300.jpg 292w, https:\/\/monperejeanmamy.fr\/wp-content\/uploads\/2021\/02\/1942-12-26-Demande-Chgt-titre-996x1024.jpg 996w, https:\/\/monperejeanmamy.fr\/wp-content\/uploads\/2021\/02\/1942-12-26-Demande-Chgt-titre-768x790.jpg 768w\" sizes=\"(max-width: 1102px) 100vw, 1102px\" \/><\/p>\n<p style=\"text-align: justify;\">\u00a0Cependant, pour les motifs \u00e9voqu\u00e9s ci-dessus, Jean Mamy sera amen\u00e9 \u00e0 modifier profond\u00e9ment la moiti\u00e9 de son sc\u00e9nario afin de le rendre plus acceptable. Il s\u2019en explique dans un courrier de deux pages dans lequel on peut lire\u00a0:<\/p>\n<ol style=\"text-align: justify;\">\n<li>que le titre pourrait maintenant \u00eatre \u00ab\u00a0\u00c9chec \u00e0 la dame\u00a0\u00bb,<\/li>\n<li>qu\u2019il insiste encore pour que ce soit son \u00e9pouse, dont il est pourtant s\u00e9par\u00e9 depuis plusieurs ann\u00e9es, Barbara Val, qui joue le r\u00f4le de Simone,<\/li>\n<li>Et surtout qu\u2019il a \u00ab\u00a0accept\u00e9\u00a0\u00bb de \u00ab\u00a0transformer\u00a0\u00bb le ton (et donc le sc\u00e9nario) initial \u00ab\u00a0injouable\u00a0\u00bb pour en faire \u00ab\u00a0un spectacle satirique\u00a0\u00bb et non plus \u00ab\u00a0une com\u00e9die d\u2019alc\u00f4ve\u00a0\u00bb centr\u00e9e autour des \u00ab\u00a0coucheries\u00a0\u00bb de Claude, en limitant \u00ab\u00a0l\u2019agr\u00e9ment sexuel des actrices\u00a0\u00bb. 1943\u00a0: autres temps, autres m\u0153urs\u00a0!<\/li>\n<\/ol>\n<p><img loading=\"lazy\" class=\"aligncenter size-full wp-image-815\" src=\"http:\/\/monperejeanmamy.fr\/wp-content\/uploads\/2021\/02\/1943-01-10-Lettre-conflit-Turenne-p1.jpg\" alt=\"\" width=\"1085\" height=\"1510\" srcset=\"https:\/\/monperejeanmamy.fr\/wp-content\/uploads\/2021\/02\/1943-01-10-Lettre-conflit-Turenne-p1.jpg 1085w, https:\/\/monperejeanmamy.fr\/wp-content\/uploads\/2021\/02\/1943-01-10-Lettre-conflit-Turenne-p1-216x300.jpg 216w, https:\/\/monperejeanmamy.fr\/wp-content\/uploads\/2021\/02\/1943-01-10-Lettre-conflit-Turenne-p1-736x1024.jpg 736w, https:\/\/monperejeanmamy.fr\/wp-content\/uploads\/2021\/02\/1943-01-10-Lettre-conflit-Turenne-p1-768x1069.jpg 768w\" sizes=\"(max-width: 1085px) 100vw, 1085px\" \/><\/p>\n<p><img loading=\"lazy\" class=\"aligncenter size-full wp-image-816\" src=\"http:\/\/monperejeanmamy.fr\/wp-content\/uploads\/2021\/02\/1943-01-10-Lettre-conflit-Turenne-p2.jpg\" alt=\"\" width=\"1276\" height=\"1750\" srcset=\"https:\/\/monperejeanmamy.fr\/wp-content\/uploads\/2021\/02\/1943-01-10-Lettre-conflit-Turenne-p2.jpg 1276w, https:\/\/monperejeanmamy.fr\/wp-content\/uploads\/2021\/02\/1943-01-10-Lettre-conflit-Turenne-p2-219x300.jpg 219w, https:\/\/monperejeanmamy.fr\/wp-content\/uploads\/2021\/02\/1943-01-10-Lettre-conflit-Turenne-p2-747x1024.jpg 747w, https:\/\/monperejeanmamy.fr\/wp-content\/uploads\/2021\/02\/1943-01-10-Lettre-conflit-Turenne-p2-768x1053.jpg 768w, https:\/\/monperejeanmamy.fr\/wp-content\/uploads\/2021\/02\/1943-01-10-Lettre-conflit-Turenne-p2-1120x1536.jpg 1120w\" sizes=\"(max-width: 1276px) 100vw, 1276px\" \/><\/p>\n<p style=\"text-align: justify;\"><img loading=\"lazy\" class=\"alignleft size-medium wp-image-817\" src=\"http:\/\/monperejeanmamy.fr\/wp-content\/uploads\/2021\/02\/Dom-Claude-Courrier-19430206-Annonce-Generale-Potiniere-231x300.jpg\" alt=\"\" width=\"231\" height=\"300\" srcset=\"https:\/\/monperejeanmamy.fr\/wp-content\/uploads\/2021\/02\/Dom-Claude-Courrier-19430206-Annonce-Generale-Potiniere-231x300.jpg 231w, https:\/\/monperejeanmamy.fr\/wp-content\/uploads\/2021\/02\/Dom-Claude-Courrier-19430206-Annonce-Generale-Potiniere.jpg 395w\" sizes=\"(max-width: 231px) 100vw, 231px\" \/>Au final, la pi\u00e8ce sera \u00e0 l\u2019affiche du Th\u00e9\u00e2tre de la Potini\u00e8re, avec Ginette Leclerc dans le r\u00f4le de Gis\u00e8le et Lucien Gallas, son compagnon \u00e0 la ville. La G\u00e9n\u00e9rale, sous le nom de \u00ab\u00a0<em>Quatre c\u0153urs<\/em>\u00a0\u00bb sera annonc\u00e9e pour le 17 f\u00e9vrier 1943. Cependant, nul ne sait si elle sera r\u00e9ellement jou\u00e9e. On n\u2019en trouve trace nulle part.<\/p>\n<p style=\"text-align: justify;\">En 1943, pour des raisons \u00e9videntes, Jean Mamy donne pouvoir \u00e0 son \u00e9pouse, Barbara Val, dont il est cependant s\u00e9par\u00e9, pour n\u00e9gocier tous les droits sur sa pi\u00e8ce et Ginette Leclerc, interview\u00e9e, attribue \u00ab \u00c9chec \u00e0 la Dame \u00bb \u00e0 Jean-Fran\u00e7ois Marie, pseudonyme de Jean Mamy, sans doute une erreur car Jean Mamy utilisait son pseudonyme de Jean-Charles Marie.<\/p>\n<p><img loading=\"lazy\" class=\"aligncenter size-full wp-image-818\" src=\"http:\/\/monperejeanmamy.fr\/wp-content\/uploads\/2021\/02\/Dom-Claude-Courrier-19430210-Ginette-Leclerc-reduite.jpg\" alt=\"\" width=\"592\" height=\"986\" srcset=\"https:\/\/monperejeanmamy.fr\/wp-content\/uploads\/2021\/02\/Dom-Claude-Courrier-19430210-Ginette-Leclerc-reduite.jpg 592w, https:\/\/monperejeanmamy.fr\/wp-content\/uploads\/2021\/02\/Dom-Claude-Courrier-19430210-Ginette-Leclerc-reduite-180x300.jpg 180w\" sizes=\"(max-width: 592px) 100vw, 592px\" \/><\/p>\n","protected":false},"excerpt":{"rendered":"<p>En 1934, Jean Mamy a \u00e9crit le premier sc\u00e9nario d&rsquo;une pi\u00e8ce qu&rsquo;il a d\u00e9pos\u00e9 \u00e0 la Soci\u00e9t\u00e9 des Auteurs sous le titre initial de \u00ab Dom Claude\u00a0\u00bb. En 1937, Jean Mamy essaye de la porter \u00e0 la sc\u00e8ne en en &hellip; <a href=\"https:\/\/monperejeanmamy.fr\/?page_id=791\">Continuer la lecture <span class=\"meta-nav\">&rarr;<\/span><\/a><\/p>\n","protected":false},"author":2,"featured_media":0,"parent":0,"menu_order":0,"comment_status":"closed","ping_status":"closed","template":"","meta":[],"folder":[],"_links":{"self":[{"href":"https:\/\/monperejeanmamy.fr\/index.php?rest_route=\/wp\/v2\/pages\/791"}],"collection":[{"href":"https:\/\/monperejeanmamy.fr\/index.php?rest_route=\/wp\/v2\/pages"}],"about":[{"href":"https:\/\/monperejeanmamy.fr\/index.php?rest_route=\/wp\/v2\/types\/page"}],"author":[{"embeddable":true,"href":"https:\/\/monperejeanmamy.fr\/index.php?rest_route=\/wp\/v2\/users\/2"}],"replies":[{"embeddable":true,"href":"https:\/\/monperejeanmamy.fr\/index.php?rest_route=%2Fwp%2Fv2%2Fcomments&post=791"}],"version-history":[{"count":3,"href":"https:\/\/monperejeanmamy.fr\/index.php?rest_route=\/wp\/v2\/pages\/791\/revisions"}],"predecessor-version":[{"id":819,"href":"https:\/\/monperejeanmamy.fr\/index.php?rest_route=\/wp\/v2\/pages\/791\/revisions\/819"}],"wp:attachment":[{"href":"https:\/\/monperejeanmamy.fr\/index.php?rest_route=%2Fwp%2Fv2%2Fmedia&parent=791"}],"wp:term":[{"taxonomy":"folder","embeddable":true,"href":"https:\/\/monperejeanmamy.fr\/index.php?rest_route=%2Fwp%2Fv2%2Ffolder&post=791"}],"curies":[{"name":"wp","href":"https:\/\/api.w.org\/{rel}","templated":true}]}}