{"id":825,"date":"2021-03-02T10:21:04","date_gmt":"2021-03-02T09:21:04","guid":{"rendered":"http:\/\/monperejeanmamy.fr\/?page_id=825"},"modified":"2021-03-05T15:42:00","modified_gmt":"2021-03-05T14:42:00","slug":"les-mamy-de-pere-en-fils","status":"publish","type":"page","link":"https:\/\/monperejeanmamy.fr\/?page_id=825","title":{"rendered":"Les Mamy de p\u00e8re en fils"},"content":{"rendered":"<p><img loading=\"lazy\" class=\"aligncenter size-full wp-image-826\" src=\"http:\/\/monperejeanmamy.fr\/wp-content\/uploads\/2021\/03\/La-lignee-des-Mamy-de-pere-en-fils.jpg\" alt=\"\" width=\"1587\" height=\"1122\" srcset=\"https:\/\/monperejeanmamy.fr\/wp-content\/uploads\/2021\/03\/La-lignee-des-Mamy-de-pere-en-fils.jpg 1587w, https:\/\/monperejeanmamy.fr\/wp-content\/uploads\/2021\/03\/La-lignee-des-Mamy-de-pere-en-fils-300x212.jpg 300w, https:\/\/monperejeanmamy.fr\/wp-content\/uploads\/2021\/03\/La-lignee-des-Mamy-de-pere-en-fils-1024x724.jpg 1024w, https:\/\/monperejeanmamy.fr\/wp-content\/uploads\/2021\/03\/La-lignee-des-Mamy-de-pere-en-fils-768x543.jpg 768w, https:\/\/monperejeanmamy.fr\/wp-content\/uploads\/2021\/03\/La-lignee-des-Mamy-de-pere-en-fils-1536x1086.jpg 1536w, https:\/\/monperejeanmamy.fr\/wp-content\/uploads\/2021\/03\/La-lignee-des-Mamy-de-pere-en-fils-424x300.jpg 424w\" sizes=\"(max-width: 1587px) 100vw, 1587px\" \/><\/p>\n<h1>Des savoyards pure souche<\/h1>\n<p style=\"text-align: justify;\">Il serait difficile de leur renier leurs racines savoyardes car on peut remonter sur neuf g\u00e9n\u00e9rations la branche des Mamy jusqu&rsquo;en 1620, tous concentr\u00e9s dans un mouchoir de poche de 2 kilom\u00e8tres de rayon situ\u00e9 dans la vall\u00e9e du Gelon autour d&rsquo;Hauteville.<\/p>\n<p><img loading=\"lazy\" class=\"aligncenter size-full wp-image-125\" src=\"http:\/\/monperejeanmamy.fr\/wp-content\/uploads\/2021\/02\/Les-racines-de-Savoie.jpg\" alt=\"\" width=\"1122\" height=\"793\" srcset=\"https:\/\/monperejeanmamy.fr\/wp-content\/uploads\/2021\/02\/Les-racines-de-Savoie.jpg 1122w, https:\/\/monperejeanmamy.fr\/wp-content\/uploads\/2021\/02\/Les-racines-de-Savoie-300x212.jpg 300w, https:\/\/monperejeanmamy.fr\/wp-content\/uploads\/2021\/02\/Les-racines-de-Savoie-1024x724.jpg 1024w, https:\/\/monperejeanmamy.fr\/wp-content\/uploads\/2021\/02\/Les-racines-de-Savoie-768x543.jpg 768w, https:\/\/monperejeanmamy.fr\/wp-content\/uploads\/2021\/02\/Les-racines-de-Savoie-424x300.jpg 424w\" sizes=\"(max-width: 1122px) 100vw, 1122px\" \/><\/p>\n<h1>Claude Mamy (1620-1668), l&rsquo;ancien : le plus haut perch\u00e9 dans l&rsquo;arbre des Mamy<\/h1>\n<p style=\"text-align: justify;\">Claude Mamy ma\u00e7on, n\u00e9 en 1620 \u00e0 Hauteville o\u00f9 il est mort \u00e0 l&rsquo;\u00e2ge de 48 ans le 6 mai 1668 a \u00e9pous\u00e9 Jeanne Brun, n\u00e9e en 1612, d\u00e9c\u00e9d\u00e9e le 22 mai 1682 \u00e0 Hauteville \u00e0 l\u2019\u00e2ge de 70 ans, avec qui il a eu 6 enfants :<\/p>\n<ul>\n<li style=\"text-align: justify;\">Laurent (n\u00e9 en 1645),<\/li>\n<li style=\"text-align: justify;\">Claudine (n\u00e9e en 1649),<\/li>\n<li style=\"text-align: justify;\">Benoit (n\u00e9 en 1650, mort en avril 1714),<\/li>\n<li style=\"text-align: justify;\">Jean (n\u00e9 en 1651, mort en 1675),<\/li>\n<li style=\"text-align: justify;\">Barth\u00e9l\u00e9my (n\u00e9 en 1655),<\/li>\n<li style=\"text-align: justify;\">Claude (n\u00e9 en 1657). le jeune<\/li>\n<\/ul>\n<h1>Benoit Mamy (1650-1714), le vieux<\/h1>\n<p style=\"text-align: justify;\">Benoit Mamy, fils de Claude, \u00e9pouse Anne Brunier le 28 juillet 1677 \u00e0 Hauteville. Ils auront 8 enfants :<\/p>\n<ul>\n<li style=\"text-align: justify;\">Benoit le jeune (n\u00e9 en 1681, mort en 1754),<\/li>\n<li style=\"text-align: justify;\">Claude (n\u00e9 en 1683, probablement mort tr\u00e8s jeune puisqu&rsquo;il y aura un autre Claude en 1697),<\/li>\n<li style=\"text-align: justify;\">Denis (n\u00e9 en 1687),<\/li>\n<li style=\"text-align: justify;\">Jean-Louis (n\u00e9 en 1689, mort en 1735),<\/li>\n<li style=\"text-align: justify;\">Pierre (n\u00e9 en 1692, mort en 1699),<\/li>\n<li style=\"text-align: justify;\">Joseph (n\u00e9 en 1695),<\/li>\n<li style=\"text-align: justify;\">Claude le jeune (n\u00e9 en 1697, mort en 1765),<\/li>\n<li style=\"text-align: justify;\">Pernette (n\u00e9e en 1702).<\/li>\n<\/ul>\n<p style=\"text-align: justify;\">Les deux fr\u00e8res, Benoit, l&rsquo;ain\u00e9, et Claude, 16 ans plus jeune, donneront naissance \u00e0 deux branches qui se rejoindront le 18 janvier 1842 lors du mariage \u00e0 Chamoux-sur-Gelon de Guillaume Mamy, arri\u00e8re-arri\u00e8re-petit-fils de Benoit avec Andr\u00e9anne Mamy, arri\u00e8re-petite fille de Claude.<\/p>\n<h1>Benoit Mamy (1681-1754), le jeune<\/h1>\n<p style=\"text-align: justify;\">Benoit Mamy (le jeune), fils de Benoit Mamy (le vieux), est n\u00e9 le 25 juillet 1681 \u00e0 Hauteville o\u00f9 il d\u00e9c\u00e9dera le 11 octobre 1754 \u00e0 l&rsquo;\u00e2ge de 73 ans. Il \u00e9pousera Marie-Antoinette Germain le 2 f\u00e9vrier 1712 \u00e0 Hauteville avec laquelle il aura 5 enfants :<\/p>\n<ul>\n<li style=\"text-align: justify;\">Jeanne_Marie (n\u00e9e en 1712),<\/li>\n<li style=\"text-align: justify;\">Antoine (n\u00e9 en 1714, mort en 1753),<\/li>\n<li style=\"text-align: justify;\">Claudine (n\u00e9e en 1716),<\/li>\n<li style=\"text-align: justify;\">Claude (n\u00e9 en 1716, mort en 1759),<\/li>\n<li style=\"text-align: justify;\">Claudia (n\u00e9e en 1720).<\/li>\n<\/ul>\n<h1 style=\"text-align: justify;\">Antoine Mamy (1714-1753), l&rsquo;ancien<\/h1>\n<p style=\"text-align: justify;\">Antoine Mamy, l&rsquo;ancien, fils de Benoit Mamy (le jeune), est n\u00e9 le 17 avril 1714 et d\u00e9c\u00e9d\u00e9 le 10 d\u00e9cembre 1753 \u00e0 l\u2019\u00e2ge de 39 ans. Il \u00e9pousera\u00a0 Marie G\u00e9nin le 17 f\u00e9vrier 1738 \u00e0 Coise-Saint-Jean-Pied-Gauthier avec qui il aura 4 enfants :<\/p>\n<ul>\n<li style=\"text-align: justify;\">Louise (n\u00e9e en 1739, morte en 1808),<\/li>\n<li style=\"text-align: justify;\">Jean-Louis (n\u00e9 en 1741, mort en 1821),<\/li>\n<li style=\"text-align: justify;\">Fran\u00e7oise (n\u00e9e en 1743, morte en 1773),<\/li>\n<li style=\"text-align: justify;\">P\u00e9ronne (n\u00e9e vers 1745, morte en 1812).<\/li>\n<\/ul>\n<h1>Jean-Louis Mamy (1741-1821)<\/h1>\n<p style=\"text-align: justify;\">Jean Louis Mamy, cultivateur, n\u00e9 le 10 mars 1741 et mort le 28 octobre 1821 \u00e0 l&rsquo;\u00e2ge de 60 ans a \u00e9t\u00e9 maire d&rsquo;Hauteville. Le 8 f\u00e9vrier 1757, il a \u00e9pous\u00e9 en premi\u00e8res noces \u00e0 Lescheraines, Savoie, Jeanne-Fran\u00e7oise Guerraz, avec qui il aura deux enfants et qui d\u00e9c\u00e9dera le 10 mai 1767.<\/p>\n<p style=\"text-align: justify;\">L&rsquo;ann\u00e9e suivante, le 20 septembre 1768, il \u00e9pousera en secondes noces, \u00e0 Hauteville, Madeleine Geoffroy avec qui il aura 15 enfants :<\/p>\n<ul>\n<li style=\"text-align: justify;\">Claude (n\u00e9 en 1763, mort en 1837),<\/li>\n<li style=\"text-align: justify;\">Alexandre (n\u00e9 en 1769, mort en 1819),<\/li>\n<li style=\"text-align: justify;\">Michel (n\u00e9 en 1771, mort en 1855),<\/li>\n<li style=\"text-align: justify;\">Marie (n\u00e9e en 1772),<\/li>\n<li style=\"text-align: justify;\">Christine (n\u00e9e en 1774, morte en 1804),<\/li>\n<li style=\"text-align: justify;\">Louise (n\u00e9e en 1776, morte en 1779),<\/li>\n<li style=\"text-align: justify;\">Fran\u00e7oise, n\u00e9e en 1777),<\/li>\n<li style=\"text-align: justify;\">Antoine (n\u00e9 en 1779 ou 1761, mort en 1849),<\/li>\n<li style=\"text-align: justify;\">Jean Fran\u00e7ois (n\u00e9 en 1781, mort en 1860),<\/li>\n<li style=\"text-align: justify;\">Madeleine (n\u00e9e en 1782, morte en 1821),<\/li>\n<li style=\"text-align: justify;\">Augustin (n\u00e9 en 1784, mort la m\u00eame ann\u00e9e),<\/li>\n<li style=\"text-align: justify;\">Marie Anne (n\u00e9e en 1785, morte en 1862),<\/li>\n<li style=\"text-align: justify;\">Anne Marie (n\u00e9e en 1786, morte en 1831),<\/li>\n<li style=\"text-align: justify;\">Marguerite (n\u00e9e en 1791, morte en 1858)<\/li>\n<\/ul>\n<h1>Antoine Mamy (1779 ou 1781-1849), le jeune<\/h1>\n<p style=\"text-align: justify;\">Antoine Mamy, fils de Jean-Louis Mamy, est n\u00e9 en 1779 ou en 1781 \u00e0 Hauteville o\u00f9 il est d\u00e9c\u00e9d\u00e9 le 18 f\u00e9vrier 1849, \u00e0 l&rsquo;\u00e2ge de 68 ans et o\u00f9 il a \u00e9pous\u00e9 Jeanne Marie Roddaz le 17 f\u00e9vrier 1816 avec qui il a eu 14 enfants :<\/p>\n<ul>\n<li style=\"text-align: justify;\">Martin (mort en 1834),<\/li>\n<li style=\"text-align: justify;\">Bernard (mort en 1816),<\/li>\n<li style=\"text-align: justify;\">Marguerite (n\u00e9e en 1819),<\/li>\n<li style=\"text-align: justify;\">Guillaume (n\u00e9 en 1821, mort en1876),<\/li>\n<li style=\"text-align: justify;\">Charles (n\u00e9 en 1822, mort en 1906),<\/li>\n<li style=\"text-align: justify;\">Charles (n\u00e9 en 1823),<\/li>\n<li style=\"text-align: justify;\">Constance (n\u00e9e en 1825),<\/li>\n<li style=\"text-align: justify;\">Josephte (n\u00e9e en 1827),<\/li>\n<li style=\"text-align: justify;\">Euphrosine (n\u00e9e en 1831, morte en 1876),<\/li>\n<li style=\"text-align: justify;\">Fran\u00e7oise-Virginie (n\u00e9e en 1833, d\u00e9c\u00e9d\u00e9e la m\u00eame ann\u00e9e),<\/li>\n<li style=\"text-align: justify;\">Philom\u00e8ne (n\u00e9e en 1837, d\u00e9c\u00e9d\u00e9e la m\u00eame ann\u00e9e),<\/li>\n<li style=\"text-align: justify;\">Andr\u00e9anne (n\u00e9e en 1838, morte en 1844),<\/li>\n<li style=\"text-align: justify;\">Anselme (n\u00e9 en 1838, mort en 1844),<\/li>\n<li style=\"text-align: justify;\">Christine (n\u00e9e en 1838).<\/li>\n<\/ul>\n<h1>Guillaume Mamy (1821-1876)<\/h1>\n<p style=\"text-align: justify;\">Guillaume Mamy, fils d&rsquo;Antoine Mamy le jeune est n\u00e9 le 6 septembre 1821 \u00e0 Hauteville o\u00f9 il est d\u00e9c\u00e9d\u00e9 le 21 novembre 1876 \u00e0 l&rsquo;\u00e2ge de 55 ans. Le 18 janvier 1842, il a \u00e9pous\u00e9 sa cousine Andr\u00e9anne Mamy, \u00e0 Chamoux-sur-Gelon, qui auront 9 enfants :<\/p>\n<ul>\n<li style=\"text-align: justify;\">Adrien Mathieu (n\u00e9 en 1842),<\/li>\n<li style=\"text-align: justify;\">Jean-Baptiste (n\u00e9 en 1843, mort en 1908),<\/li>\n<li style=\"text-align: justify;\">Charles (n\u00e9 en 1845),<\/li>\n<li style=\"text-align: justify;\">Jean-Marie Maurice (n\u00e9 en 1847),<\/li>\n<li style=\"text-align: justify;\">Charles-Albert (n\u00e9 en 1848, mort en 1910),<\/li>\n<li style=\"text-align: justify;\">Aim\u00e9-Andr\u00e9 (n\u00e9 en 1851, mort en 1868),<\/li>\n<li style=\"text-align: justify;\">C\u00e9sarine-Philom\u00e8ne (n\u00e9e en 1854, morte en 1881),<\/li>\n<li style=\"text-align: justify;\">Marie (n\u00e9 en 1857, mort en 1866),<\/li>\n<li style=\"text-align: justify;\">Andr\u00e9 (n\u00e9 en 1866).<\/li>\n<\/ul>\n<p style=\"text-align: justify;\">Andr\u00e9anne Mamy (1820-1894) est la petite fille de Claude Mamy le jeune (1697-1765), fr\u00e8re de Benoit Mamy le jeune (1681-1754).<\/p>\n<h1>Claude Mamy (1697-1765), le jeune<\/h1>\n<p style=\"text-align: justify;\">Claude Mamy le jeune, fils de Benoit Mamy le vieux et fr\u00e8re de Benoit Mamy le jeune, n\u00e9 le 13 septembre 1697 \u00e0 Hauteville o\u00f9 il est d\u00e9c\u00e9d\u00e9 le 29 mai 1765 \u00e0 l&rsquo;\u00e2ge de 67 ans, a \u00e9pous\u00e9 Marie Aguettaz le 11 octobre 1735 \u00e0 Villard-L\u00e9ger avec qui il a eu 3 enfants :<\/p>\n<ul>\n<li style=\"text-align: justify;\">Fran\u00e7ois (n\u00e9 en 1736, mort en 1800),<\/li>\n<li style=\"text-align: justify;\">Claudia (n\u00e9e en 1738),<\/li>\n<li style=\"text-align: justify;\">Joseph (n\u00e9 en 1739).<\/li>\n<\/ul>\n<h1>Joseph Mamy(n\u00e9 en 1739)<\/h1>\n<p style=\"text-align: justify;\">Joseph Mamy, fils de Claude Mamy le jeune, est n\u00e9 le 27 avril 1739 \u00e0 La Trinit\u00e9, Ma\u00eetre de Postes et Maire d\u2019\u00c9pierre o\u00f9 il a \u00e9pous\u00e9 Josephte Salomon le 7 septembre 1761 avec qui il a eu 10 enfants\u00a0:<\/p>\n<ul style=\"text-align: justify;\">\n<li>Jeanne-Ludovica (n\u00e9e en 1763),<\/li>\n<li>Claude-Victor (n\u00e9 en 1765, mort en 1781),<\/li>\n<li>Jean Baptiste (n\u00e9 en 1767),<\/li>\n<li>Jacques (n\u00e9 en 1768, mort en 1849),<\/li>\n<li>Isidore (n\u00e9 en 1771, mort en 1845),<\/li>\n<li>Marie-Fran\u00e7oise (n\u00e9e en 1774, morte en 1781),<\/li>\n<li>S\u00e9bastien-Joseph (n\u00e9 en 1776),<\/li>\n<li>Cyprien (n\u00e9 en 1782),<\/li>\n<li>Jean-Marie (n\u00e9 en 1788, mort en 1867),<\/li>\n<li>Marguerite (n\u00e9e en 1790, morte en 1862).<\/li>\n<\/ul>\n<h1 style=\"text-align: justify;\">Jacques Mamy (1768-1840)<\/h1>\n<p style=\"text-align: justify;\">Jacques Mamy, fils de Joseph Mamy, n\u00e9 le 20 septembre 1768 \u00e0 \u00c9pierre et est mort le 12 d\u00e9cembre 1849 \u00e0 Chamoux-sur-Gelon \u00e0 l&rsquo;\u00e2ge de 81 ans, \u00e0 \u00e9pous\u00e9 Marie-Gasparde Neyroud le 10 ao\u00fbt 1812 \u00e0 Chamoux-sur-Gelon, avec qui il a eu 10 enfants\u00a0:<\/p>\n<ul>\n<li style=\"text-align: justify;\">Fr\u00e9d\u00e9ric (n\u00e9 en 1813),<\/li>\n<li style=\"text-align: justify;\">Mathieu (n\u00e9 en 1817, mort en 1873),<\/li>\n<li style=\"text-align: justify;\">Andr\u00e9anne (n\u00e9e en 1820, morte en 1894) qui \u00e9pousa le 18 janvier 1842 son cousin Guillaume Mamy (1821-1876) \u00e0 Chamoux-sur-Gelon, avec qui elle eu 9 enfants,<\/li>\n<li style=\"text-align: justify;\">Marie (n\u00e9e en 1822, morte en 1890),<\/li>\n<li style=\"text-align: justify;\">C\u00e9lestine (n\u00e9e en 1824),<\/li>\n<li style=\"text-align: justify;\">Constance (n\u00e9e en 1825),<\/li>\n<li style=\"text-align: justify;\">Maurice-Laurent (n\u00e9 en 1827, mort en 1828),<\/li>\n<li style=\"text-align: justify;\">Anne Sophie (n\u00e9e en 1829, morte en 1831),<\/li>\n<li style=\"text-align: justify;\">Jeanne-Marie (n\u00e9e en 1831),<\/li>\n<li style=\"text-align: justify;\">Clothilde (n\u00e9e en 1833).<\/li>\n<\/ul>\n<h1>Jean-Baptiste Mamy (1843-1908)<\/h1>\n<p style=\"text-align: justify;\">Jean Baptiste Mamy, fils de Guillaume mamy (1821-1876) et d&rsquo;Andr\u00e9anne Mamy (1820-1894), tailleur, n\u00e9 le 30 d\u00e9cembre 1843 \u00e0 Hauteville, mort en 1908,a \u00e9pous\u00e9 Eug\u00e9nie Badianne en premi\u00e8res noces\u00a0 le 27 mai 1876 \u00e0 Paris avec qui il a eu 4 enfants :<\/p>\n<ul>\n<li style=\"text-align: justify;\">Charles-Jean-Eug\u00e8ne (n\u00e9 en 1877, mort en 1927),<\/li>\n<li style=\"text-align: justify;\">Aim\u00e9-Andr\u00e9 (n\u00e9 en 1878, mort en 1931),<\/li>\n<li style=\"text-align: justify;\">Jeanne Albertine (n\u00e9e en 1880, morte en 1880),<\/li>\n<li style=\"text-align: justify;\">Alice Pauline (n\u00e9e en 1886, morte en 1970).<\/li>\n<\/ul>\n<h1>Charles-Jean-Eug\u00e8ne Mamy (1877-1927),<\/h1>\n<p style=\"text-align: justify;\">Charles-Jean-Eug\u00e8ne Mamy, mon grand-p\u00e8re paternel, fils de Jean-Baptiste Mamy, n\u00e9 le 26 janvier 1877 \u00e0 Paris, mort en 1926 \u00e0 Limeil-Br\u00e9vannes, a \u00e9pous\u00e9 Marie-Jos\u00e9phine Tardy, ma grand-m\u00e8re paternelle, professeur de piano, n\u00e9e le 13 mai 1990 \u00e0 Betton-Bettonet, d\u00e9c\u00e9d\u00e9e le 4 janvier 1965 au Chesnay, Yvelines, le 22 octobre 1900 \u00e0 Chamb\u00e9ry o\u00f9 est n\u00e9 leur fils, Jean-Charles Mamy, mon p\u00e8re, n\u00e9 le 8 juillet 1902,fusill\u00e9 le 29 mars 1949 dans les foss\u00e9s du Fort de Montrouge.<\/p>\n<p>&nbsp;<\/p>\n<p>&nbsp;<\/p>\n<p>&nbsp;<\/p>\n<p>&nbsp;<\/p>\n","protected":false},"excerpt":{"rendered":"<p>Des savoyards pure souche Il serait difficile de leur renier leurs racines savoyardes car on peut remonter sur neuf g\u00e9n\u00e9rations la branche des Mamy jusqu&rsquo;en 1620, tous concentr\u00e9s dans un mouchoir de poche de 2 kilom\u00e8tres de rayon situ\u00e9 dans &hellip; <a href=\"https:\/\/monperejeanmamy.fr\/?page_id=825\">Continuer la lecture <span class=\"meta-nav\">&rarr;<\/span><\/a><\/p>\n","protected":false},"author":2,"featured_media":8,"parent":0,"menu_order":0,"comment_status":"closed","ping_status":"closed","template":"","meta":[],"folder":[],"_links":{"self":[{"href":"https:\/\/monperejeanmamy.fr\/index.php?rest_route=\/wp\/v2\/pages\/825"}],"collection":[{"href":"https:\/\/monperejeanmamy.fr\/index.php?rest_route=\/wp\/v2\/pages"}],"about":[{"href":"https:\/\/monperejeanmamy.fr\/index.php?rest_route=\/wp\/v2\/types\/page"}],"author":[{"embeddable":true,"href":"https:\/\/monperejeanmamy.fr\/index.php?rest_route=\/wp\/v2\/users\/2"}],"replies":[{"embeddable":true,"href":"https:\/\/monperejeanmamy.fr\/index.php?rest_route=%2Fwp%2Fv2%2Fcomments&post=825"}],"version-history":[{"count":10,"href":"https:\/\/monperejeanmamy.fr\/index.php?rest_route=\/wp\/v2\/pages\/825\/revisions"}],"predecessor-version":[{"id":1060,"href":"https:\/\/monperejeanmamy.fr\/index.php?rest_route=\/wp\/v2\/pages\/825\/revisions\/1060"}],"wp:featuredmedia":[{"embeddable":true,"href":"https:\/\/monperejeanmamy.fr\/index.php?rest_route=\/wp\/v2\/media\/8"}],"wp:attachment":[{"href":"https:\/\/monperejeanmamy.fr\/index.php?rest_route=%2Fwp%2Fv2%2Fmedia&parent=825"}],"wp:term":[{"taxonomy":"folder","embeddable":true,"href":"https:\/\/monperejeanmamy.fr\/index.php?rest_route=%2Fwp%2Fv2%2Ffolder&post=825"}],"curies":[{"name":"wp","href":"https:\/\/api.w.org\/{rel}","templated":true}]}}