{"id":837,"date":"2021-03-02T17:03:09","date_gmt":"2021-03-02T16:03:09","guid":{"rendered":"http:\/\/monperejeanmamy.fr\/?page_id=837"},"modified":"2021-03-05T15:36:39","modified_gmt":"2021-03-05T14:36:39","slug":"son-enfance","status":"publish","type":"page","link":"https:\/\/monperejeanmamy.fr\/?page_id=837","title":{"rendered":"Son enfance"},"content":{"rendered":"<h1>Une enfance libre et heureuse<\/h1>\n<p style=\"text-align: justify;\"><img loading=\"lazy\" class=\"alignright wp-image-1051\" src=\"http:\/\/monperejeanmamy.fr\/wp-content\/uploads\/2021\/03\/JM-Enfant-186x300.jpg\" alt=\"\" width=\"173\" height=\"273\" \/>Il parcourait \u00e0 v\u00e9lo les alentours de Chamb\u00e9ry qui lui ont laiss\u00e9 des souvenirs merveilleux qu\u2019il d\u00e9crit avec un style remarquablement fluide et imag\u00e9 \u2014on sent le sc\u00e9nariste dans ce style, car l\u2019ouvrage se projette en images anim\u00e9es sur l\u2019\u00e9cran au fond du cerveau du lecteur au fil des phrases\u2014 dans son roman autobiographique <a href=\"http:\/\/monperejeanmamy.fr\/?page_id=160\"><em>L\u2019Enfance sous les armes<\/em><\/a> qui illustre sa vie jusqu\u2019\u00e0 la fin de la Grande Guerre, la Der des Der.<\/p>\n<p style=\"text-align: justify;\">Il vit la guerre de 14-18 en jeune-homme, adolescent. Ses camarades, \u00e0 peine plus \u00e2g\u00e9s, sont soldats, vont dans les tranch\u00e9es. Certains n\u2019en reviennent pas, d\u2019autres reviennent bless\u00e9s, mutil\u00e9s, gaz\u00e9s. L\u2019un d\u2019eux sera d\u00e9clar\u00e9 mort, mais pas pour la France. R\u00e9fractaire, mutin ou d\u00e9serteur, il a \u00e9t\u00e9 fusill\u00e9, par les Fran\u00e7ais. Jean d\u00e9teste la guerre. Jean est pacifiste.<\/p>\n<h1 style=\"text-align: justify;\">Un p\u00e8re compliqu\u00e9<\/h1>\n<p style=\"text-align: justify;\"><img loading=\"lazy\" class=\" wp-image-1052 alignleft\" src=\"http:\/\/monperejeanmamy.fr\/wp-content\/uploads\/2021\/03\/Marie-Tardy.jpg\" alt=\"\" width=\"133\" height=\"161\" \/>Alors qu&rsquo;il est sain et droit, il souffre de constater que le couple de ses parents est d\u00e9chir\u00e9 par la \u00ab nullit\u00e9 \u00bb et l\u2019\u00e9go\u00efsme de son p\u00e8re, pourtant bel homme quand il avait s\u00e9duit Marie-Jos\u00e9phine Tardy qu&rsquo;il avait \u00e9pous\u00e9 le 22 octobre 1900 \u00e0 Chamb\u00e9ry, mais qui a bien chang\u00e9 au retour des tranch\u00e9es. Il souffre pour sa m\u00e8re qui l\u2019adore et qu\u2019il adore.<\/p>\n<p style=\"text-align: justify;\"><img loading=\"lazy\" class=\"alignright wp-image-1050\" src=\"http:\/\/monperejeanmamy.fr\/wp-content\/uploads\/2021\/03\/Charles-Mamy-224x300.jpg\" alt=\"\" width=\"127\" height=\"168\" \/>\u00c0 17 ans, il \u00ab vire \u00bb de la maison son p\u00e8re alcoolique, Charles Mamy, et lib\u00e8re sa m\u00e8re, Marie. La description qu\u2019il en fait dans l\u2019un des derniers chapitres de son roman autobiographique, <a href=\"http:\/\/monperejeanmamy.fr\/?page_id=160\"><em>L\u2019Enfance sous les armes<\/em><\/a>, est \u00e9loquente comme en t\u00e9moigne l\u2019extrait ci-dessous :<\/p>\n<p><strong>Va-t&rsquo;en<\/strong><\/p>\n<p style=\"text-align: justify;\">Charles est rentr\u00e9 depuis trois mois. Il couche sur le lit pliant de la salle \u00e0 manger, l\u2019ancien petit lit de Jean, qui occupe dans le salon un autre lit, lou\u00e9 pour la circonstance. Marie ferme sa porte \u00e0 cl\u00e9 tous les soirs. Non seulement Charles ne dessaoule pas, mais il est encore couvert de poux, comme l\u00e0-bas. R\u00e9pugnant. \u00c0 ne pas approcher de deux m\u00e8tres, tant il sent le vin et la crasse. Tant qu\u2019il est \u00e0 la maison, il pleure.<\/p>\n<p style=\"text-align: justify;\">[\u2026]<img loading=\"lazy\" class=\" wp-image-255 alignleft\" src=\"http:\/\/monperejeanmamy.fr\/wp-content\/uploads\/2021\/02\/Charette-300x153.jpg\" alt=\"\" width=\"242\" height=\"128\" \/><\/p>\n<p style=\"text-align: justify;\">Un matin, \u00e0 la suite d\u2019une sc\u00e8ne de larmes plus violente que les autres, Jean a pris sa d\u00e9cision. Il est all\u00e9 louer une chambre d\u2019h\u00f4tel, pr\u00e8s de Saint-Germain des Pr\u00e9s. Puis il a fait un paquet des affaires de son p\u00e8re. Il l\u2019a descendu chez la concierge. Il a lou\u00e9 une voiture \u00e0 bras. Et il est remont\u00e9 chercher notre d\u00e9mobilis\u00e9, entre deux vins.<\/p>\n<ul>\n<li style=\"list-style-type: none;\">\n<ul>\n<li><em>Suis-moi.<\/em><\/li>\n<li><em>O\u00f9 ?<\/em><\/li>\n<li><em>Tu verras bien<\/em>.<\/li>\n<\/ul>\n<\/li>\n<\/ul>\n<p style=\"text-align: justify;\">Le p\u00e8re suivit, bon gosse. Chez la concierge, il lui mit le paquet dans les bras.<\/p>\n<ul>\n<li style=\"list-style-type: none;\">\n<ul>\n<li><em>Prends \u00e7a.<\/em><\/li>\n<li><em>Qu\u2019est-ce que c\u2019est\u00a0?<\/em><\/li>\n<li><em>Tes v\u00eatements.<\/em><\/li>\n<li><em>Pourquoi faire\u00a0?<\/em><\/li>\n<li><em>Va-t&rsquo;en !<\/em><\/li>\n<li><em>Charles rougit, jusqu\u2019au cramoisi.<\/em><\/li>\n<li><em>C\u2019est toi qui ose me dire \u00e7a<\/em><\/li>\n<li><em>C\u2019est moi ! Va-t&rsquo;en !<\/em><\/li>\n<li><em>Te rends-tu compte que tu parles \u00e0 ton p\u00e8re\u00a0?<\/em><\/li>\n<li><em>Je me rends compte de bien d\u2019autres choses. Va-t-en\u00a0!C\u2019est dans ton int\u00e9r\u00eat.<\/em><\/li>\n<li><em>Quel int\u00e9r\u00eat\u00a0?<\/em><\/li>\n<li><em>C\u2019est peut-\u00eatre le seul moyen de te raccommoder avec maman, si tu te corriges.<\/em><\/li>\n<\/ul>\n<\/li>\n<\/ul>\n<p style=\"text-align: justify;\"><img loading=\"lazy\" class=\"alignright size-full wp-image-1055\" src=\"http:\/\/monperejeanmamy.fr\/wp-content\/uploads\/2021\/03\/Charles-soldat.jpg\" alt=\"\" width=\"186\" height=\"230\" \/>T\u00eate basse, Charles c\u00e9da \u00e0 l\u2019argument. Il porta le ballot jusqu\u2019\u00e0 la voiture, se mit dans les brancards. Jean l\u2019accompagna jusqu\u2019\u00e0 l\u2019h\u00f4tel. La route fut longue. Charles ne rentra jamais \u00e0 la maison. Jean le revit peu pendant six mois. Puis se brouilla d\u00e9finitivement avec lui, un jour de l\u2019an qu\u2019il \u00e9tait venu lui souhaiter le bonjour.<\/p>\n<p style=\"text-align: justify;\">[\u2026]<\/p>\n<p style=\"text-align: justify;\">Deux ans plus tard, sur un lit de l\u2019hospice de Br\u00e9vannes, Charles mourait de vingt ans d\u2019alcoolisme et d\u2019une attaque de gaz \u00e0 Verdun en 1917. Il avait \u00e9t\u00e9 totalement inutile.<\/p>\n","protected":false},"excerpt":{"rendered":"<p>Une enfance libre et heureuse Il parcourait \u00e0 v\u00e9lo les alentours de Chamb\u00e9ry qui lui ont laiss\u00e9 des souvenirs merveilleux qu\u2019il d\u00e9crit avec un style remarquablement fluide et imag\u00e9 \u2014on sent le sc\u00e9nariste dans ce style, car l\u2019ouvrage se projette &hellip; <a href=\"https:\/\/monperejeanmamy.fr\/?page_id=837\">Continuer la lecture <span class=\"meta-nav\">&rarr;<\/span><\/a><\/p>\n","protected":false},"author":2,"featured_media":7,"parent":0,"menu_order":0,"comment_status":"closed","ping_status":"closed","template":"","meta":[],"folder":[],"_links":{"self":[{"href":"https:\/\/monperejeanmamy.fr\/index.php?rest_route=\/wp\/v2\/pages\/837"}],"collection":[{"href":"https:\/\/monperejeanmamy.fr\/index.php?rest_route=\/wp\/v2\/pages"}],"about":[{"href":"https:\/\/monperejeanmamy.fr\/index.php?rest_route=\/wp\/v2\/types\/page"}],"author":[{"embeddable":true,"href":"https:\/\/monperejeanmamy.fr\/index.php?rest_route=\/wp\/v2\/users\/2"}],"replies":[{"embeddable":true,"href":"https:\/\/monperejeanmamy.fr\/index.php?rest_route=%2Fwp%2Fv2%2Fcomments&post=837"}],"version-history":[{"count":7,"href":"https:\/\/monperejeanmamy.fr\/index.php?rest_route=\/wp\/v2\/pages\/837\/revisions"}],"predecessor-version":[{"id":1058,"href":"https:\/\/monperejeanmamy.fr\/index.php?rest_route=\/wp\/v2\/pages\/837\/revisions\/1058"}],"wp:featuredmedia":[{"embeddable":true,"href":"https:\/\/monperejeanmamy.fr\/index.php?rest_route=\/wp\/v2\/media\/7"}],"wp:attachment":[{"href":"https:\/\/monperejeanmamy.fr\/index.php?rest_route=%2Fwp%2Fv2%2Fmedia&parent=837"}],"wp:term":[{"taxonomy":"folder","embeddable":true,"href":"https:\/\/monperejeanmamy.fr\/index.php?rest_route=%2Fwp%2Fv2%2Ffolder&post=837"}],"curies":[{"name":"wp","href":"https:\/\/api.w.org\/{rel}","templated":true}]}}