{"id":839,"date":"2021-03-02T17:03:58","date_gmt":"2021-03-02T16:03:58","guid":{"rendered":"http:\/\/monperejeanmamy.fr\/?page_id=839"},"modified":"2021-04-07T10:24:34","modified_gmt":"2021-04-07T08:24:34","slug":"la-belle-epoque-de-1920-a-1938","status":"publish","type":"page","link":"https:\/\/monperejeanmamy.fr\/?page_id=839","title":{"rendered":"Les ann\u00e9es folles, de 1920 \u00e0 1938"},"content":{"rendered":"<h1>Rive gauche<\/h1>\n<p style=\"text-align: justify;\">Ses parents habitent un appartement au cinqui\u00e8me \u00e9tage de la rue de Jussieu dans le cinqui\u00e8me arrondissement de Paris, \u00e0 deux pas de la rue des \u00c9coles, de la Sorbonne et du Boulevard Saint-Michel.<\/p>\n<p style=\"text-align: justify;\">Les deux fen\u00eatres de leur balcon donnent sur Notre-Dame et les entrep\u00f4ts de la, la Halle-aux-Vins, celle de Jussieu qui a \u00e9t\u00e9 ras\u00e9e pour y construire la Fac de Sciences, puis l&rsquo;Institut du Monde Arabe..<\/p>\n<p style=\"text-align: justify;\">Le jeune Mamy fr\u00e9quente le Quartier Latin, Saint-Germain-des-Pr\u00e9s, les auteurs, les intellectuels, les acteurs\u2026<\/p>\n<p style=\"text-align: justify;\"><img loading=\"lazy\" class=\"alignleft size-medium wp-image-1536\" src=\"http:\/\/monperejeanmamy.fr\/wp-content\/uploads\/2021\/03\/1922-04-03-Cine-Comoedia-photo-jean-mamy-300x265.jpg\" alt=\"\" width=\"300\" height=\"265\" srcset=\"https:\/\/monperejeanmamy.fr\/wp-content\/uploads\/2021\/03\/1922-04-03-Cine-Comoedia-photo-jean-mamy-300x265.jpg 300w, https:\/\/monperejeanmamy.fr\/wp-content\/uploads\/2021\/03\/1922-04-03-Cine-Comoedia-photo-jean-mamy-340x300.jpg 340w, https:\/\/monperejeanmamy.fr\/wp-content\/uploads\/2021\/03\/1922-04-03-Cine-Comoedia-photo-jean-mamy.jpg 634w\" sizes=\"(max-width: 300px) 100vw, 300px\" \/>Il fera ses premiers pas dans le th\u00e9\u00e2tre avec Charles Dullin qui dirige depuis 1922 le th\u00e9\u00e2tre de Montmartre qu\u2019il vient de rebaptiser \u00a0\u00ab th\u00e9\u00e2tre de l\u2019Atelier \u00bb. Il y rencontre Marcel Achard qui y avait d\u00e9but\u00e9 comme souffleur mais qui, dou\u00e9 de la voix ad\u00e9quate avait \u00e9t\u00e9 rep\u00e9r\u00e9 par Dullin et \u00e9tait vite mont\u00e9 sur les planches pour y interpr\u00e9ter un des r\u00f4les de la pi\u00e8ce qu\u2019il venait d\u2019\u00e9crire : <em>Voulez-vous jouer avec mo\u00e2\u00a0?<\/em><\/p>\n<p style=\"text-align: justify;\">R\u00e9gisseur et acteur au th\u00e9\u00e2tre de l&rsquo;Atelier de 1920 \u00e0 1931, Jean Mamy participe \u00e0 la cr\u00e9ation de plusieurs pi\u00e8ces dont <em>Knock<\/em> et <em>Six personnages en qu\u00eate d&rsquo;auteur<\/em>.<\/p>\n<p style=\"text-align: justify;\">Jean Mamy et Marcel Achard, presque du m\u00eame \u00e2ge, se lient d\u2019amiti\u00e9 et font bande avec Ren\u00e9 Clair, leur a\u00een\u00e9 de quelques mois que Jean Mamy avait probablement crois\u00e9 au lyc\u00e9e Louis le Grand.<\/p>\n<p style=\"text-align: justify;\">Ces fr\u00e9quentations, disons de jeunesse puisque Jean Mamy a \u00e0 peine vingt-cinq ans, sont la base du d\u00e9veloppement intellectuel et social de Jean Mamy qui, au d\u00e9but des ann\u00e9es 30, se fond dans la vie parisienne, les beaux quartiers, l\u2019opulence, l\u2019argent, la vie facile, les femmes\u2026<\/p>\n<p style=\"text-align: justify;\"><img loading=\"lazy\" class=\"alignright wp-image-1304\" src=\"http:\/\/monperejeanmamy.fr\/wp-content\/uploads\/2021\/03\/Barbara-Valere-234x300.jpg\" alt=\"\" width=\"166\" height=\"210\" \/>C\u2019est \u00e0 ce moment qu\u2019il rencontre Marthe Flavie Louise Val\u00e8re, dite Barbara Val, une actrice plus ou moins frivole. Il l\u2019\u00e9pouse le 28 mai 1931 \u00e0 Paris. Leur fils, Bernard, naitra le 13 d\u00e9cembre 1931.<\/p>\n<p style=\"text-align: justify;\">Ils vivront s\u00e9par\u00e9s au cours des ann\u00e9es 30 mais sans jamais divorcer et, 4 ans apr\u00e8s sa mort, Barbara se remariera le 14 ao\u00fbt 1953 \u00e0 Cagnes-sur-Mer avec Robert Debeurre. Elle d\u00e9c\u00e9dera le 12 mai 1990 \u00e0 Cannes.<\/p>\n<p style=\"text-align: justify;\">Jean Mamy profite de la vie parisienne. Il en jouit, plonge dans l\u2019art cin\u00e9matographique. Il fr\u00e9quente le monde des artistes, des grands auteurs, des grands acteurs, parmi lesquels : Pagnol, Michel Simon, Jacques Pr\u00e9vert, Yves et Marc All\u00e9gret, Sacha Guitry, Jean Renoir, Roger Richeb\u00e9\u2026 avec qui il va travailler comme monteur, r\u00e9alisateur et producteur dans plusieurs films et notamment <em>L&rsquo;Agonie des aigles<\/em> (1933) avec Pierre Renoir,\u00a0 <em>Minuit, place Pigalle<\/em> (1934)\u00a0 avec Raimu et <em>L&rsquo;Habit vert<\/em> (1937) avec Jules Berry et Bernard Blier.<\/p>\n<h1>Syndicaliste<\/h1>\n<p style=\"text-align: justify;\">Homme de gauche, il se mobilise et repr\u00e9sente les professionnels du cin\u00e9ma. Il devient Pr\u00e9sident de l&rsquo;Association Syndicale des Monteurs de Films, adh\u00e9rente \u00e0 la F\u00e9d\u00e9ration du Spectacle, C\u2019est lui qui met au point, d\u00e9fend et fait accepter le <em>\u00ab\u00a0<a href=\"http:\/\/monperejeanmamy.fr\/?page_id=369\">Contrat collectif des techniciens et sp\u00e9cialistes de la production du film<\/a><\/em> \u00bb.<\/p>\n<p>Dans son \u00ab <a href=\"http:\/\/monperejeanmamy.fr\/?page_id=172\"><em>testament politique<\/em><\/a> \u00bb, r\u00e9dig\u00e9 en prison, quelques mois avant son ex\u00e9cution, Jean Mamy explique les raisons qui l\u2019on conduit \u00e0 d\u00e9tester les communistes :<\/p>\n<blockquote>\n<p style=\"text-align: justify;\">En 1936, les communistes m\u2019\u00e9jectent d\u2019un souffle de mon petit poste syndical. Du coup, leurs man\u0153uvres font s\u2019\u00e9crouler une situation int\u00e9ressante que j\u2019avais acquise chez un \u00adproducteur de films o\u00f9, comme d\u2019habitude, je jouais ind\u00e9finiment le \u00ab n\u00e8gre \u00bb (cuisinant tout \u00e0 la fois : \u00addialogue, mise en sc\u00e8ne, r\u00e9gie, administration) pour un forfait mod\u00e9r\u00e9.<\/p>\n<\/blockquote>\n<p>Pour en savoir plus sur Jean Mamy et le cin\u00e9ma, <a href=\"http:\/\/monperejeanmamy.fr\/?page_id=86\">cliquez ic<\/a>i.<\/p>\n<p style=\"text-align: justify;\"><img loading=\"lazy\" class=\"alignleft size-full wp-image-1456\" src=\"http:\/\/monperejeanmamy.fr\/wp-content\/uploads\/2021\/03\/1940-05-24-JR.jpg\" alt=\"\" width=\"186\" height=\"250\" \/>C&rsquo;est aussi probablement \u00e0 cette \u00e9poque que Jean Mamy rencontrera ma m\u00e8re, Jeanne Roux, dactylo alors \u00e2g\u00e9e d&rsquo;environ 25 ans, dans des conditions dont je n&rsquo;avais pratiquement aucune trace, si ce n&rsquo;\u00e9taient quelques dizaines de pages tap\u00e9es sans nul doute sur la machine \u00e0 \u00e9crire Underwood de ma m\u00e8re (les d\u00e9fauts caract\u00e9ristiques de certaines lettres se retrouvent dans les tapuscrits de l&rsquo;\u00e9poque Fresnes dont il est certain que c&rsquo;est elle qui les a tap\u00e9s, jusqu&rsquo;\u00e0 je d\u00e9couvre et d\u00e9crypte la <a href=\"http:\/\/monperejeanmamy.fr\/?page_id=1896\">lettre qu&rsquo;il lui \u00e9crivit le 24 septembre 1945<\/a> depuis sa cellule de Fresnes.<\/p>\n<h1>Franc-ma\u00e7on, v\u00e9n\u00e9rable de sa loge<\/h1>\n<p style=\"text-align: justify;\">Assez naturellement, Jean Mamy se rapproche des francs-ma\u00e7ons. Il est initi\u00e9 au Grand Orient de France et devient rapidement v\u00e9n\u00e9rable de sa loge, la loge Ernest Renan.<\/p>\n<p style=\"text-align: justify;\">Toujours dans son \u00ab <a href=\"http:\/\/monperejeanmamy.fr\/?page_id=172\"><em>testament politique<\/em><\/a> \u00bb, Jean Mamy explique les raisons qui l\u2019on conduit \u00e0 la franc-ma\u00e7onnerie.<\/p>\n<blockquote>\n<p style=\"text-align: justify;\">En 1933, la franc-ma\u00e7onnerie m\u2019ouvre une porte secr\u00e8te. Je m\u2019y fourre avec le rugissement bienheureux du n\u00e9ophyte \u00e9bloui, et pendant des ann\u00e9es, \u00adm\u2019escrime avec les mots symboliques, les initiations, les poign\u00e9es de mains fraternelles, et les discours \u00e0 la gloire du Grand Architecte. Toutes ces expansions craquent g\u00e9n\u00e9ralement entre la troisi\u00e8me et la \u00adcinqui\u00e8me ann\u00e9e.<\/p>\n<\/blockquote>\n<p style=\"text-align: justify;\">Mais \u00e9galement celles qui l\u2019ont pouss\u00e9 \u00e0 s&rsquo;en extraire, \u00e0 en devenir un adversaire dont l\u2019hostilit\u00e9 \u00e0 cette soci\u00e9t\u00e9 secr\u00e8te ira grandissant, \u00e0 d\u00e9velopper son aversion pour la \u00ab juiverie d&rsquo;affaires \u00bb et \u00e0 se rapprocher du PPF de Jacques Doriot.:<\/p>\n<blockquote>\n<p style=\"text-align: justify;\">En Ma\u00e7onnerie, d\u00e9ception \u00e0 la suite d\u2019un v\u00e9n\u00e9ralat coup\u00e9 de proc\u00e8s scandaleux : un m\u00e9decin juif, mon vice-pr\u00e9sident d\u2019atelier, se r\u00e9v\u00e8le condamn\u00e9 par les Assurances Sociales, entr\u00e9 frauduleusement en loge, patronn\u00e9 d\u00e8s son arriv\u00e9e par tous les hauts comit\u00e9s ma\u00e7onniques qui s\u2019entremettent pour faire rapporter la sentence. D\u00e9masqu\u00e9, l\u2019homme r\u00e9agit furieusement, r\u00e9ussit \u00e0 attirer \u00e0 lui un certain nombre de pontifes bien couverts de sautoirs, \u00e0 voix retentissante, aux larmes philanthropiques. Je d\u00e9missionne deux fois. On me rattrape toujours avec le mensonge de bonne amiti\u00e9.<\/p>\n<p style=\"text-align: justify;\">[\u2026]<\/p>\n<p style=\"text-align: justify;\">En France, \u00e0 gauche : deux p\u00f4les d\u2019attraction se disputent les masses : la franc-ma\u00e7onnerie et le Parti communiste.<\/p>\n<p style=\"text-align: justify;\">[\u2026]<\/p>\n<p style=\"text-align: justify;\">La franc-ma\u00e7onnerie fran\u00e7aise se divise en deux ob\u00e9diences concurrentes et alli\u00e9es : la Grande Loge et le Grand-Orient. Ces s\u0153urs siamoises se d\u00e9testent et se compl\u00e8tent hypocritement. La Grande Loge pr\u00e9tend rester dans la pure tradition \u00e9cossaise du symbolisme herm\u00e9tique. En fait, sous des apparences plus lib\u00e9rales, elle favorise la diffusion du marxisme tout autant que le Grand-Orient, rouge. En 1937, adh\u00e9sion int\u00e9grale de la franc-ma\u00e7onnerie fran\u00e7aise au <em>Frente Popular<\/em>. De m\u00eame, en 1936, elle avait autoris\u00e9 ses vedettes \u00e0 p\u00e9rorer sur les tribunes aux c\u00f4t\u00e9s des \u00adsovi\u00e9tiques.<\/p>\n<p style=\"text-align: justify;\">Jusqu\u2019en 1940, elle a la direction absolue du parti SFIO et du Parti radical socialiste. Elle d\u00e9borde m\u00eame sur la droite. Toute puissante au S\u00e9nat. Elle tient l\u2019Int\u00e9rieur, l\u2019\u00c9ducation Nationale, les PTT, le Travail. Grosse influence dans l\u2019Arm\u00e9e (les Officiers nationalistes sont toujours fich\u00e9s). La Police lui est d\u00e9vou\u00e9e. Aux affaires \u00c9trang\u00e8res, elle a ses hommes. Cette minorit\u00e9 occulte de petites gens, en apparence faible (25 000 assidus sur 50 000 inscrits) tient dans ses mains les destin\u00e9s du pays. Rien ne se fait sans elle ni contre elle. Elle est \u2014dit-on\u2014 l\u2019\u00e2me de la d\u00e9mocratie. Plus \u00adexactement, elle est la clef \u2014et la serrure\u2014 de toutes les organisations de gauche, comme de tout le syst\u00e8me parlementaire.<\/p>\n<p style=\"text-align: justify;\">Les influences juives l\u2019aiguillent vers les pires \u00adsolutions r\u00e9volutionnaires. \u00c0 Paris, sur 10 000 \u00adma\u00e7ons, 3 000 juifs, tous assidus, acharn\u00e9s, extr\u00e9mistes, travaillent \u00e0 la neutralisation du \u00ab\u00a0pays r\u00e9el \u00bb qu\u2019ils ne contr\u00f4lent pas encore assez \u00e0 leur gr\u00e9. Ils partent \u00e0 la conqu\u00eate du pouvoir, pour y placer leurs cong\u00e9n\u00e8res, leurs amis, leurs complices, sachant que, par l\u2019imp\u00f4t et par la loi, on dirige un peuple vers l\u2019asservissement convenable.<\/p>\n<p style=\"text-align: justify;\">Les m\u00e9thodes ma\u00e7onniques sont parfaites pour arriver \u00e0 cette infiltration des m\u00e9diocres qui exige d\u00e9composition pr\u00e9alable. Il ne faut que socialiser la R\u00e9publique. D\u00e8s lors, le gang op\u00e9rera sans opposition.<\/p>\n<p style=\"text-align: justify;\">La Ma\u00e7onnerie est le cheval de Troie du communisme.<\/p>\n<p style=\"text-align: justify;\">[\u2026]<\/p>\n<p style=\"text-align: justify;\">La Ma\u00e7onnerie fran\u00e7aise est la responsable de la d\u00e9faite de 1940. \u00a0Je suis un des rares t\u00e9moins qui puisse l\u2019affirmer. Il ne faut que m\u2019appuyer sur mes souvenirs.<\/p>\n<p style=\"text-align: justify;\">\u00a0\u2013 Responsable pour son action g\u00e9n\u00e9rale depuis vingt ans,<\/p>\n<p style=\"text-align: justify;\">\u2013 Responsable directement par les actions pr\u00e9cises de ses chefs.<\/p>\n<\/blockquote>\n<p style=\"text-align: justify;\">La mobilisation de 39 mettra une fin \u00e0 cette p\u00e9riode.<\/p>\n<p>&nbsp;<\/p>\n","protected":false},"excerpt":{"rendered":"<p>Rive gauche Ses parents habitent un appartement au cinqui\u00e8me \u00e9tage de la rue de Jussieu dans le cinqui\u00e8me arrondissement de Paris, \u00e0 deux pas de la rue des \u00c9coles, de la Sorbonne et du Boulevard Saint-Michel. Les deux fen\u00eatres de &hellip; <a href=\"https:\/\/monperejeanmamy.fr\/?page_id=839\">Continuer la lecture <span class=\"meta-nav\">&rarr;<\/span><\/a><\/p>\n","protected":false},"author":2,"featured_media":7,"parent":0,"menu_order":0,"comment_status":"closed","ping_status":"closed","template":"","meta":[],"folder":[],"_links":{"self":[{"href":"https:\/\/monperejeanmamy.fr\/index.php?rest_route=\/wp\/v2\/pages\/839"}],"collection":[{"href":"https:\/\/monperejeanmamy.fr\/index.php?rest_route=\/wp\/v2\/pages"}],"about":[{"href":"https:\/\/monperejeanmamy.fr\/index.php?rest_route=\/wp\/v2\/types\/page"}],"author":[{"embeddable":true,"href":"https:\/\/monperejeanmamy.fr\/index.php?rest_route=\/wp\/v2\/users\/2"}],"replies":[{"embeddable":true,"href":"https:\/\/monperejeanmamy.fr\/index.php?rest_route=%2Fwp%2Fv2%2Fcomments&post=839"}],"version-history":[{"count":21,"href":"https:\/\/monperejeanmamy.fr\/index.php?rest_route=\/wp\/v2\/pages\/839\/revisions"}],"predecessor-version":[{"id":1902,"href":"https:\/\/monperejeanmamy.fr\/index.php?rest_route=\/wp\/v2\/pages\/839\/revisions\/1902"}],"wp:featuredmedia":[{"embeddable":true,"href":"https:\/\/monperejeanmamy.fr\/index.php?rest_route=\/wp\/v2\/media\/7"}],"wp:attachment":[{"href":"https:\/\/monperejeanmamy.fr\/index.php?rest_route=%2Fwp%2Fv2%2Fmedia&parent=839"}],"wp:term":[{"taxonomy":"folder","embeddable":true,"href":"https:\/\/monperejeanmamy.fr\/index.php?rest_route=%2Fwp%2Fv2%2Ffolder&post=839"}],"curies":[{"name":"wp","href":"https:\/\/api.w.org\/{rel}","templated":true}]}}