{"id":842,"date":"2021-03-02T17:06:01","date_gmt":"2021-03-02T16:06:01","guid":{"rendered":"http:\/\/monperejeanmamy.fr\/?page_id=842"},"modified":"2021-04-03T11:10:13","modified_gmt":"2021-04-03T09:10:13","slug":"loccupation-1939-1944","status":"publish","type":"page","link":"https:\/\/monperejeanmamy.fr\/?page_id=842","title":{"rendered":"Pendant l&rsquo;Occupation (1939-1944)"},"content":{"rendered":"<div id=\"page\" class=\"hfeed\">\n<div id=\"main\">\n<h1>1939-1940 ; la dr\u00f4le de guerre<\/h1>\n<p style=\"text-align: justify;\">Ces quelques mois d&rsquo;inaction en uniforme, qu&rsquo;il d\u00e9crit dans \u00ab <a href=\"http:\/\/monperejeanmamy.fr\/?page_id=167\"><em>Le Monde dans la nuit, fragments de carnets, 1939-1940<\/em><\/a> \u00bb, sont un facteur incontestable de l\u00a0\u00bb\u00e9volution radicale de ses opinions qui conduira \u00e0 <a href=\"http:\/\/monperejeanmamy.fr\/?page_id=1562\">son engagement politique<\/a> pendant l&rsquo;Occupation, puis, dix ans plus tard, \u00e0 son ex\u00e9cution.<\/p>\n<p style=\"text-align: justify;\">Europ\u00e9en convaincu, d\u00e9\u00e7u par le parlementarisme de la III<sup>\u00e8me<\/sup> R\u00e9publique, il constate la victoire de l\u2019Allemagne et il accepte \u2014comme presque la totalit\u00e9 des Fran\u00e7ais d\u2019alors\u2014 le r\u00f4le auquel le Mar\u00e9chal P\u00e9tain est appel\u00e9 par le Pr\u00e9sident de la R\u00e9publique, par le peuple et par le parlement.<\/p>\n<p style=\"text-align: justify;\">Lui aussi \u2014comme ceux qui sont partis \u00e0 Londres, mais avec un autre id\u00e9al\u2014 est m\u00fbr pour agir. Il est m\u00fbr pour construire une Europe continentale solide, capable de r\u00e9sister au bolch\u00e9visme. Il est m\u00fbr pour s\u2019engager. Il est m\u00fbr pour collaborer.<\/p>\n<h1>de 1941 au 23 septembre 1044<\/h1>\n<p style=\"text-align: justify;\">Au cours de ces quatre ann\u00e9es \u00ab noires \u00bb Jean Mamy agira de trois fa\u00e7ons principales :<\/p>\n<ul>\n<li style=\"text-align: justify;\"><strong>Journaliste engag\u00e9<\/strong> : dou\u00e9 d\u2019une plume bien aiguis\u00e9e, tremp\u00e9e dans l\u2019acide, Jean Mamy \u00e9crira principalement sous le pseudonyme de Paul Riche, de <a href=\"http:\/\/monperejeanmamy.fr\/?page_id=88\">violents pamphlets<\/a> dans les journaux collaborationnistes tels que <em>Je suis partout<\/em>, <em>L\u2019Appel <\/em>et surtout <em>Au Pilori<\/em>, le plus violent des hebdomadaires antis\u00e9mites et anti-ma\u00e7onniques, dont il deviendra l\u2019un des principaux r\u00e9dacteurs en chef. .<\/li>\n<li style=\"text-align: justify;\"><strong>Cin\u00e9aste<\/strong> : il r\u00e9alisera en 1942 <a href=\"http:\/\/monperejeanmamy.fr\/?page_id=191\"><em>Forces Occultes<\/em><\/a>, film de propagande anti-ma\u00e7onnique dont le sc\u00e9nario a \u00e9t\u00e9 \u00e9crit par Jean Marqu\u00e8s-Rivi\u00e8re.<\/li>\n<li style=\"text-align: justify;\"><strong>Agent\u00a0 du S.D<\/strong>. : il se mettra <strong>au service de l&rsquo;occupant<\/strong> et contribuera \u00e0 la traque et \u00e0 l&rsquo;arrestation de \u00ab terroristes \u00bb communistes, ce qui sera au c\u0153ur des griefs qui le conduiront \u00e0 sa condamnation \u00e0 mort.<\/li>\n<\/ul>\n<h1>D\u00e9nonciation de la Synarchie<\/h1>\n<p style=\"text-align: justify;\">En 1941, dans <a href=\"http:\/\/monperejeanmamy.fr\/?page_id=1577\"><em>L&rsquo;appel<\/em><\/a>, Jean Mamy sera le premiers \u00e0 d\u00e9noncer publiquement le complot synarchqiue.<\/p>\n<h1 id=\"primary\">Attaque des Francs-ma\u00e7ons<\/h1>\n<\/div>\n<\/div>\n<p style=\"text-align: justify;\">Sous le pseudonyme de Paul Riche, il sera l&rsquo;une des plumes les plus virulentes pour <a href=\"http:\/\/monperejeanmamy.fr\/?page_id=1588\">d\u00e9noncer les francs-ma\u00e7ons<\/a> et la \u00ab juiverie financi\u00e8re \u00bb, notamment dans de nombreux articles parus dans <em>L&rsquo;Appel <\/em> ou dans <em>Au Pilori<\/em>.<\/p>\n<h1>Lutte contre les \u00ab terroristes \u00bb communistes<\/h1>\n<p style=\"text-align: justify;\">Autant ses activit\u00e9s de presse et de cin\u00e9ma apparaissent au grand jour, autant ses activit\u00e9s au service de l&rsquo;occupant restent entach\u00e9es de myst\u00e8res et de secrets que je n&rsquo;ai pas encore compl\u00e8tement perc\u00e9s, en d\u00e9pit des nombreux documents publics, priv\u00e9s ou retrouv\u00e9s aux Archives Nationales dont je dispose, notamment :<\/p>\n<ul>\n<li>la <a href=\"http:\/\/monperejeanmamy.fr\/?page_id=1553\">confession volontaire <\/a>dans les jours qui ont suivis son arrestation,<\/li>\n<li>diff\u00e9rents proc\u00e8s-verbaux d&rsquo;audition et de t\u00e9moignages recueillis par la police au cours des enqu\u00eates en vue de son proc\u00e8s,<\/li>\n<li>les <a href=\"http:\/\/monperejeanmamy.fr\/?page_id=1500\">\u00e9l\u00e9ments du r\u00e9quisitoir<\/a>e du Commissaire de la R\u00e9publique,<\/li>\n<li>un <a href=\"http:\/\/monperejeanmamy.fr\/?page_id=1617\">m\u00e9moire manuscri<\/a>t qu&rsquo;il a r\u00e9dig\u00e9 en prison destin\u00e9 \u00e0 son avocat\u00a0 .pour obtenir la gr\u00e2ce pr\u00e9sidentielle,<\/li>\n<li>quelques coupures de journaux datant de l&rsquo;\u00e9poque du proc\u00e8s, relatant quelques un des faits les plus marquants,<\/li>\n<li>le r<a href=\"http:\/\/monperejeanmamy.fr\/?page_id=1625\">appel des faits<\/a> figurant dans son testament politique (<em>Vers l&rsquo;Altruisme Autoritaire)<\/em> r\u00e9dig\u00e9 apr\u00e8s sa condamnation \u00e0 mort.<\/li>\n<\/ul>\n<p style=\"text-align: justify;\">J&rsquo;ai essay\u00e9, \u00e0 partir de ces documents de retracer la petite douzaine d&rsquo;affaires qui lui ont \u00e9t\u00e9 reproch\u00e9es dans un \u00ab<a href=\"http:\/\/monperejeanmamy.fr\/?page_id=1621\"> Dossier \u00e0 charge et \u00e0 d\u00e9charge<\/a> \u00bb.<\/p>\n<h1>Perquisition la veille de sa reddition chez ma m\u00e8re (boulevard Diderot)<\/h1>\n<p style=\"text-align: justify;\">Ma m\u00e8re, Jeanne Roux, qui venait de me mettre au monde le 23 juillet 1944, avait \u00e9t\u00e9 identifi\u00e9e comme \u00ab li\u00e9e \u00bb \u00e0 Jean Mamy. Sa liaison \u2014dont j\u2019ignore depuis quand elle datait et quelles formes visibles elle avait prise \u2014 \u00e9tait connue de la R\u00e9sistance. Son adresse du 76 boulevard Diderot figurait clairement dans un des proc\u00e8s-verbaux de recherche comme \u00e9tant une des adresses de Jean Mamy.<\/p>\n<p style=\"text-align: justify;\">Elle relate dans un<a href=\"http:\/\/monperejeanmamy.fr\/?page_id=1610\"> document dat\u00e9 du 16 octobre 1944,<\/a> comment elle a \u00e9t\u00e9 amen\u00e9e \u00e0 restituer le 22 septembre, veille de la reddition de Jean Mamy, des objets et des valeurs appartenant \u00e0 Jean Mamy, lors d&rsquo;une perquisition effectu\u00e9e \u00e0 son domicile du boulevard Diderot.<\/p>\n<p style=\"text-align: justify;\">Toujours est-il qu&rsquo;elle n&rsquo;a pas \u00e9t\u00e9 consid\u00e9r\u00e9e comme \u00ab complice \u00bb car, \u00e0 ma connaissance, elle n\u2019a gu\u00e8re \u00e9t\u00e9 plus inqui\u00e9t\u00e9e que lors de cette \u00ab visite \u00bb du 22 septembre et n\u2019a pas eu \u00e0 subir les brimades sauvages inflig\u00e9es aux \u00ab collaboratrices horizontales \u00bb (les tondues).<\/p>\n<h1>23 septembre 1944 : Jean Mamy se constitue prisonnier<\/h1>\n<p style=\"text-align: justify;\">Peu apr\u00e8s la Lib\u00e9ration, alors qu&rsquo;il \u00e9tait recherch\u00e9, les F.F.I. ont arr\u00eat\u00e9 sa femme, Barbara et sa m\u00e8re, Jean Mamy s&rsquo;est volontairement constitu\u00e9 prisonnier afin qu&rsquo;elles ne soient pas inqui\u00e9t\u00e9es, ce qui leur a permis de retrouver la libert\u00e9.<\/p>\n<p style=\"text-align: justify;\">Il a \u00e9t\u00e9 interrog\u00e9 par le Commandant Denis Champeaux de la Boulaye, dit Cambon, (cf. le <a href=\"http:\/\/monperejeanmamy.fr\/?page_id=1600\">t\u00e9moignage recueilli le 11 septembre 1945<\/a> par Maurice Bailly, inspecteur de Police) et incarc\u00e9r\u00e9 imm\u00e9diatement \u00e0 la prison du Cherche Midi, puis \u00e0 Fresnes.<\/p>\n<p style=\"text-align: justify;\">Le document d&rsquo;accompagnement des <a href=\"http:\/\/monperejeanmamy.fr\/?page_id=1553\">confessions<\/a> de Jean Mamy \u00e9tabli par le Commandant Cambon, liste les 13 affaires qui vont faire l&rsquo;objet de son proc\u00e8s :<\/p>\n<p style=\"text-align: justify;\">\u00ab <em>Au surplus voici des arrestations de Fran\u00e7ais ex\u00e9cut\u00e9es par l\u2019autorit\u00e9 allemande sur les d\u00e9nonciations de Dumas, alias Mamy, qui revendique sa responsabilit\u00e9 d\u2019accusateur, en se couvrant du titre de lutteur contre le communisme.<\/em><\/p>\n<ol>\n<li style=\"text-align: justify;\"><em>\u00e0 Lyon \u2013 affaire Dunoir, Leboss\u00e9 fut arr\u00eat\u00e9<\/em><\/li>\n<li style=\"text-align: justify;\"><em>\u00e0 Bordeaux \u2013 Arrestation Dujour<\/em><\/li>\n<li style=\"text-align: justify;\"><em>\u00e0 Valence \u2013 Robert Meyer<\/em><\/li>\n<li style=\"text-align: justify;\"><em>\u00e0 Amiens \u2013 Goutier<\/em><\/li>\n<li style=\"text-align: justify;\"><em>\u00e0 Harparren \u2013 quatre arrestations (couvent)<\/em><\/li>\n<li style=\"text-align: justify;\"><em>\u00e0 Paris \u2013 arrestation de Borrel<\/em><\/li>\n<li style=\"text-align: justify;\"><em>\u00e0 Paris \u2013 arrestation de Jarville secr\u00e9taire g\u00e9n\u00e9ral du Syndicat du Cin\u00e9ma<\/em><\/li>\n<li style=\"text-align: justify;\"><em>\u00e0 Annecy \u2013 Sur d\u00e9signation par Mamy de Andr\u00e8s et Buisson, ce dernier fut tu\u00e9 dans une embuscade<\/em><\/li>\n<li style=\"text-align: justify;\"><em>\u00e0 Paris \u2013 Arrestation de Jean Paul \u2013 fusill\u00e9<\/em><\/li>\n<li style=\"text-align: justify;\"><em>\u00e0 Paris \u2013 Arrestation du G\u00e9n\u00e9ral Michaud \u2013 prisonnier en Allemagne<\/em><\/li>\n<li style=\"text-align: justify;\"><em>Fronti\u00e8re d\u2019Espagne \u2013 arrestation de Sanson et X<\/em><\/li>\n<li style=\"text-align: justify;\"><em>\u00e0 Paris \u2013 Arrestation de Guilhamon possesseur d\u2019un \u00e9metteut TSF<\/em><\/li>\n<li style=\"text-align: justify;\"><em>\u00e0 Paris \u2013 Arrestation de Fred.<\/em> \u00bb<\/li>\n<\/ol>\n<h1>23 septembre 1944 &#8211; 29 mars 1949 : de la cellule au poteau<\/h1>\n<p style=\"text-align: justify;\">Son incarc\u00e9ration \u00ab pr\u00e9ventive \u00bb durera 4 ans jusqu&rsquo;au proc\u00e8s. Il sera condamn\u00e9 \u00e0 mort le jour de No\u00ebl 1948. Mis aux fers, il attendra 3 mois une gr\u00e2ce pr\u00e9sidentielle qui lui sera refus\u00e9e. Il l&rsquo;apprendra officiellement le matin de son ex\u00e9cution, le 29 mars 1949.<\/p>\n<p>Le Compte-rendu laconique du directeur de la prison pr\u00e9cise :<\/p>\n<ul>\n<li style=\"text-align: justify;\">6h05 : Signature au Greffe de la prise en charge du condamn\u00e9<\/li>\n<li style=\"text-align: justify;\">6h10 : R\u00e9veil du condamn\u00e9 qui est avis\u00e9 du rejet de sa gr\u00e2ce ; il demande le Pasteur, puis est autoris\u00e9 \u00e0 \u00e9crire une lettre<\/li>\n<li style=\"text-align: justify;\">6h48 : le condamn\u00e9 quitte la prison de Fresnes<\/li>\n<li style=\"text-align: justify;\">7h05 : Il est fusill\u00e9 au Fort de Montrouge, ses restes sont ramass\u00e9s<\/li>\n<li style=\"text-align: justify;\">7h25 : Il est inhum\u00e9 au Cimeti\u00e8re parisien de Thiais<\/li>\n<\/ul>\n","protected":false},"excerpt":{"rendered":"<p>1939-1940 ; la dr\u00f4le de guerre Ces quelques mois d&rsquo;inaction en uniforme, qu&rsquo;il d\u00e9crit dans \u00ab Le Monde dans la nuit, fragments de carnets, 1939-1940 \u00bb, sont un facteur incontestable de l\u00a0\u00bb\u00e9volution radicale de ses opinions qui conduira \u00e0 son &hellip; <a href=\"https:\/\/monperejeanmamy.fr\/?page_id=842\">Continuer la lecture <span class=\"meta-nav\">&rarr;<\/span><\/a><\/p>\n","protected":false},"author":2,"featured_media":1616,"parent":0,"menu_order":0,"comment_status":"closed","ping_status":"closed","template":"","meta":[],"folder":[],"_links":{"self":[{"href":"https:\/\/monperejeanmamy.fr\/index.php?rest_route=\/wp\/v2\/pages\/842"}],"collection":[{"href":"https:\/\/monperejeanmamy.fr\/index.php?rest_route=\/wp\/v2\/pages"}],"about":[{"href":"https:\/\/monperejeanmamy.fr\/index.php?rest_route=\/wp\/v2\/types\/page"}],"author":[{"embeddable":true,"href":"https:\/\/monperejeanmamy.fr\/index.php?rest_route=\/wp\/v2\/users\/2"}],"replies":[{"embeddable":true,"href":"https:\/\/monperejeanmamy.fr\/index.php?rest_route=%2Fwp%2Fv2%2Fcomments&post=842"}],"version-history":[{"count":33,"href":"https:\/\/monperejeanmamy.fr\/index.php?rest_route=\/wp\/v2\/pages\/842\/revisions"}],"predecessor-version":[{"id":1802,"href":"https:\/\/monperejeanmamy.fr\/index.php?rest_route=\/wp\/v2\/pages\/842\/revisions\/1802"}],"wp:featuredmedia":[{"embeddable":true,"href":"https:\/\/monperejeanmamy.fr\/index.php?rest_route=\/wp\/v2\/media\/1616"}],"wp:attachment":[{"href":"https:\/\/monperejeanmamy.fr\/index.php?rest_route=%2Fwp%2Fv2%2Fmedia&parent=842"}],"wp:term":[{"taxonomy":"folder","embeddable":true,"href":"https:\/\/monperejeanmamy.fr\/index.php?rest_route=%2Fwp%2Fv2%2Ffolder&post=842"}],"curies":[{"name":"wp","href":"https:\/\/api.w.org\/{rel}","templated":true}]}}