{"id":844,"date":"2021-03-02T17:07:30","date_gmt":"2021-03-02T16:07:30","guid":{"rendered":"http:\/\/monperejeanmamy.fr\/?page_id=844"},"modified":"2021-04-20T10:56:30","modified_gmt":"2021-04-20T08:56:30","slug":"en-prison-1944-1948","status":"publish","type":"page","link":"https:\/\/monperejeanmamy.fr\/?page_id=844","title":{"rendered":"En Prison (1944-1948)"},"content":{"rendered":"<h1>Confession volontaire<\/h1>\n<p style=\"text-align: justify;\">Jean Mamy se constituera volontairement prisonnier le 23 septembre 1944 en se rendant au Commandant Cambon (Denis Champeaux de la Boulaye) qui lui avait tendu plusieurs sourici\u00e8res et avait arr\u00eat\u00e9 sa m\u00e8re et sa femme, Barbara Val.<\/p>\n<p>Jean Mamy d\u00e9cidera de son propre chef de se livrer \u00e0 une <a href=\"http:\/\/monperejeanmamy.fr\/?page_id=1553\">confession compl\u00e8te<\/a>\u00a0 dont le texte, tap\u00e9 \u00e0 la machine, est dat\u00e9 du 1<sup>er<\/sup> octobre 1944.<\/p>\n<p style=\"text-align: justify;\"><img loading=\"lazy\" class=\"alignright size-medium wp-image-1655\" src=\"http:\/\/monperejeanmamy.fr\/wp-content\/uploads\/2021\/03\/Prison-du-Cherche-Midi-300x192.jpg\" alt=\"\" width=\"300\" height=\"192\" srcset=\"https:\/\/monperejeanmamy.fr\/wp-content\/uploads\/2021\/03\/Prison-du-Cherche-Midi-300x192.jpg 300w, https:\/\/monperejeanmamy.fr\/wp-content\/uploads\/2021\/03\/Prison-du-Cherche-Midi-470x300.jpg 470w, https:\/\/monperejeanmamy.fr\/wp-content\/uploads\/2021\/03\/Prison-du-Cherche-Midi.jpg 750w\" sizes=\"(max-width: 300px) 100vw, 300px\" \/>Il sera interrog\u00e9 pendant plusieurs jours puis incarc\u00e9r\u00e9 \u00e0 la prison du Cherche Midi.<\/p>\n<p style=\"text-align: justify;\">La <b>prison du Cherche-Midi <\/b>fonctionna de 1847 \u00e0 1950 et fut d\u00e9molie en 1966. Elle se situait \u00e0 l&rsquo;angle du boulevard Raspail et de la rue du Cherche-Midi.<\/p>\n<p><img loading=\"lazy\" class=\"alignleft size-medium wp-image-1656\" src=\"http:\/\/monperejeanmamy.fr\/wp-content\/uploads\/2021\/03\/Prison-Fresnes-01-300x197.jpg\" alt=\"\" width=\"300\" height=\"197\" srcset=\"https:\/\/monperejeanmamy.fr\/wp-content\/uploads\/2021\/03\/Prison-Fresnes-01-300x197.jpg 300w, https:\/\/monperejeanmamy.fr\/wp-content\/uploads\/2021\/03\/Prison-Fresnes-01.jpg 400w\" sizes=\"(max-width: 300px) 100vw, 300px\" \/><\/p>\n<p style=\"text-align: justify;\">Il sera ensuite emprisonn\u00e9 au Fort de Charenton, puis transf\u00e9r\u00e9, fin janvier 1945 \u00e0 Fresnes o\u00f9 il sera enferm\u00e9 en pr\u00e9ventive jusqu&rsquo;\u00e0 son proc\u00e8s en d\u00e9cembre 1948.<\/p>\n<p style=\"text-align: justify;\">D\u00e8s sa condamnation, il sera mis aux fers dans une nouvelle cellule au quartier des Condamn\u00e9s \u00e0 Mort.<\/p>\n<h1><img loading=\"lazy\" class=\"alignright wp-image-1657\" src=\"http:\/\/monperejeanmamy.fr\/wp-content\/uploads\/2021\/03\/Prison-Fresnes-06-300x271.jpg\" alt=\"\" width=\"246\" height=\"223\" srcset=\"https:\/\/monperejeanmamy.fr\/wp-content\/uploads\/2021\/03\/Prison-Fresnes-06-300x271.jpg 300w, https:\/\/monperejeanmamy.fr\/wp-content\/uploads\/2021\/03\/Prison-Fresnes-06-333x300.jpg 333w, https:\/\/monperejeanmamy.fr\/wp-content\/uploads\/2021\/03\/Prison-Fresnes-06.jpg 540w\" sizes=\"(max-width: 246px) 100vw, 246px\" \/>Quatre ann\u00e9es et demi en cellules \u00e0 Fresnes<\/h1>\n<p style=\"text-align: justify;\">Dans <a href=\"http:\/\/monperejeanmamy.fr\/?page_id=1414\">sa lettre \u00e0 ma m\u00e8re du lundi de Pentec\u00f4te<\/a> (21 mai 1945), il annonce qu&rsquo;il vient de changer de cellule et il en d\u00e9crit les conditions : \u00ab <em>Nous sommes trois dans une cellule de 4 m\u00e8tres sur trois. Deux sur des paillasses \u00e0 terre, un autre sur ce qu&rsquo;on appelle un lit, et qui est aussi dur que peut l&rsquo;\u00eatre un treillis de lames de fer. Au mur, une bonne couche de pl\u00e2tre moisi. Dans un coin, l&rsquo;appareil d&rsquo;hygi\u00e8ne qui sert \u00e0 toutes les commodit\u00e9s, surmont\u00e9 d&rsquo;un distributeur d&rsquo;eau. La porte, verrouill\u00e9e comme il se doit, poss\u00e8de un \u0153illeton par o\u00f9 le gardien ou les camarades de passage nous regardent de temps \u00e0 autre.<br \/>\nJ&rsquo;\u00e9cris sur une tablette de bois accroch\u00e9e au mur o\u00f9 sont empil\u00e9s quelques cahiers et livres, et la rang\u00e9e de mes encriers vides. J&rsquo;ai beaucoup de mal \u00e0 garder mon \u00e9quilibre car mon tabouret est branlant. Par la fen\u00eatre largement ouverte sur la cour, nous apercevons le ciel bleu ou gris ou pluvieux, qui couvre de son espace libre le b\u00e2timent d&rsquo;en face o\u00f9 s&rsquo;incrustent dans la muraille quelques deux cents fen\u00eatres grillag\u00e9es comme les n\u00f4tres. En bas, de petites courettes encloses de murs et grilles o\u00f9\u2014 l&rsquo;on nous emm\u00e8ne tous les deux jours \u00e0 la promenade. A l&rsquo;int\u00e9rieur, la prison a l&rsquo;air d&rsquo;une gigantesque nef de bateau ou d&rsquo;un \u00e9norme frigidaire. Quatre \u00e9tages de passerelles qui courent le long des cellules. Nous sommes l\u00e0-dedans quatre mille cinq cents d\u00e9tenus politiques dont quelques uns de marque. \u00bb<\/em><\/p>\n<p style=\"text-align: justify;\">\u00c9criture et lecture sont probablement ses deux occupations principales.<\/p>\n<p><strong>\u00c9pistolier prolifique<\/strong><\/p>\n<p style=\"text-align: justify;\">Pendant les quatre premi\u00e8res ann\u00e9es, jusqu&rsquo;\u00e0 son proc\u00e8s, il a droit \u00e0 une ou deux lettres d&rsquo;une seule feuille recto-verso par semaine. Il \u00e9crit d&rsquo;une seule traite, sans la moindre rature, d&rsquo;une \u00e9criture r\u00e9guli\u00e8re qui couvre au maximum les quelques centim\u00e8tres carr\u00e9s de papier auxquels il a droit, jusqu&rsquo;\u00e0 revenir au recto de pour conclure par le mot d&rsquo;amour et les baisers qui le d\u00e9mangent.<\/p>\n<p><img loading=\"lazy\" class=\"aligncenter size-full wp-image-1820\" src=\"http:\/\/monperejeanmamy.fr\/wp-content\/uploads\/2021\/04\/1946-02-11-Jean-Mamy-a-Jeanne-Roux-p1.jpg\" alt=\"\" width=\"1272\" height=\"1754\" srcset=\"https:\/\/monperejeanmamy.fr\/wp-content\/uploads\/2021\/04\/1946-02-11-Jean-Mamy-a-Jeanne-Roux-p1.jpg 1272w, https:\/\/monperejeanmamy.fr\/wp-content\/uploads\/2021\/04\/1946-02-11-Jean-Mamy-a-Jeanne-Roux-p1-218x300.jpg 218w, https:\/\/monperejeanmamy.fr\/wp-content\/uploads\/2021\/04\/1946-02-11-Jean-Mamy-a-Jeanne-Roux-p1-743x1024.jpg 743w, https:\/\/monperejeanmamy.fr\/wp-content\/uploads\/2021\/04\/1946-02-11-Jean-Mamy-a-Jeanne-Roux-p1-768x1059.jpg 768w, https:\/\/monperejeanmamy.fr\/wp-content\/uploads\/2021\/04\/1946-02-11-Jean-Mamy-a-Jeanne-Roux-p1-1114x1536.jpg 1114w\" sizes=\"(max-width: 1272px) 100vw, 1272px\" \/><\/p>\n<p>Apr\u00e8s sa condamnation il aura alors droit \u00e0 une lettre quotidienne.<\/p>\n<p style=\"text-align: justify;\">Sa\u00a0<a href=\"http:\/\/monperejeanmamy.fr\/?page_id=894\">correspondance<\/a> avec sa m\u00e8re, son fils, son avocat, quelques amis, mais surtout avec ma m\u00e8re est passionnante. J&rsquo;ai retrouv\u00e9 tous les originaux des <a href=\"http:\/\/monperejeanmamy.fr\/?page_id=1318\">lettres hebdomadaires \u00e0 ma m\u00e8re<\/a> de 1945 \u00e0 1949 que j&rsquo;ai saisies une \u00e0 une et qui me permettent de suivre, presque jour par jour, comment il a v\u00e9cu sa d\u00e9tention.<\/p>\n<p style=\"text-align: justify;\">Chacune de ses lettres est soigneusement lue pour v\u00e9rifier qu&rsquo;elle ne contient pas le moindre message interdit par le r\u00e9glement, puis tamponn\u00e9e par la censure avant exp\u00e9dition.<\/p>\n<p>Il a droit \u00e0 un colis hebdomadaire que sa m\u00e8re et la mienne constituent avec amour en respectant les souhaits qu&rsquo;il manifeste, parfois de mani\u00e8re un peu exigeante, dans ses courriers. Le contenu de ces colis est pass\u00e9 au peigne fin par ses ge\u00f4liers qui v\u00e9rifient que les r\u00e8gles strictes sont respect\u00e9es.<\/p>\n<p style=\"text-align: justify;\"><img loading=\"lazy\" class=\"alignleft wp-image-1823\" src=\"http:\/\/monperejeanmamy.fr\/wp-content\/uploads\/2021\/04\/Parloir-Fresnes-199x300.jpg\" alt=\"\" width=\"179\" height=\"265\" \/>Il a \u00e9galement droit \u00e0 un \u00ab parloir \u00bb par semaine et il lui faut jouer d&rsquo;une diplomatie parfois autoritaire pour les r\u00e9partir entre les trois femmes qui se le disputent en privil\u00e9giant celle qu&rsquo;il aime et qui est aussi la secr\u00e9taire d\u00e9vou\u00e9e et efficace qui lui est indispensable, que ce soit pour mettre ses \u0153uvres au net ou pour \u00eatre le relai avec ses avocats et ses amis de l&rsquo;ext\u00e9rieur. (cf. <a href=\"http:\/\/monperejeanmamy.fr\/?page_id=1412\">lettre \u00e0 ma m\u00e8re du 4 juin 1945<\/a> :: \u00ab <em>PS. Arranges-toi avec ma m\u00e8re. D&rsquo;ici peu de temps j&rsquo;essayerai d&rsquo;obtenir qu&rsquo;elle vienne seulement tous les quinze jours. Tu pourras venir avec elle. Ne lui en parles pas. J&rsquo;arrangerai cela. \u00bb)<\/em><\/p>\n<p style=\"text-align: justify;\">Bien que je n&rsquo;avais que trois ou quatre ans, j&rsquo;ai un souvenir pr\u00e9cis, une image bien ancr\u00e9e dans un coin de ma m\u00e9moire : un escalier carr\u00e9, une salle sur la droite, une rang\u00e9e de portes sur la gauche, puis un grillage avec un homme derri\u00e8re qui m&rsquo;a parl\u00e9, alors que j&rsquo;\u00e9tais assis sur les genoux de ma m\u00e8re face au grillage.<\/p>\n<h1>\u00c9crivain talentueux<\/h1>\n<p style=\"text-align: justify;\">Il profite de son \u00ab temps libre \u00bb et de son talent d&rsquo;\u00e9crivain pour produire de nombreuses <a href=\"http:\/\/monperejeanmamy.fr\/?page_id=27\">\u0153uvres<\/a>, des pi\u00e8ces de <a href=\"http:\/\/monperejeanmamy.fr\/?page_id=92\">th\u00e9\u00e2tre<\/a>, des <a href=\"http:\/\/monperejeanmamy.fr\/?page_id=90\">po\u00e8mes<\/a>, des <a href=\"http:\/\/monperejeanmamy.fr\/?page_id=90\">contes<\/a>, un roman autobiographique, des <a href=\"http:\/\/monperejeanmamy.fr\/?page_id=94\">essais<\/a> satyriques et philosophiques, son <a href=\"http:\/\/monperejeanmamy.fr\/?page_id=96\">testament politique<\/a>, son\u00a0 qu&rsquo;il peaufinera \u00e0 l&rsquo;extr\u00eame en profitant de la patience de ma m\u00e8re qui tapera et retapera les centaines de pages qu&rsquo;il n&rsquo;aura de cesse de corriger et de recorriger.<\/p>\n<h1>D\u00e9voreur de livres<\/h1>\n<p style=\"text-align: justify;\">Jean Mamy lit \u00e9norm\u00e9ment. Il ne cesse de demander \u00e0 ma m\u00e8re de lui procurer des dizaines d&rsquo;ouvrages qu&rsquo;elle arrive \u00e0 d\u00e9gotter chez les bouquinistes,<\/p>\n<h1>Et pendant ce temps l\u00e0, l&rsquo;instruction continue&#8230;<\/h1>\n<p>De temps en temps il quitte Fresnes pour une confrontation ou un interrogatoire<\/p>\n<p>&nbsp;<\/p>\n<p><img loading=\"lazy\" class=\"aligncenter size-full wp-image-317\" src=\"http:\/\/monperejeanmamy.fr\/wp-content\/uploads\/2021\/02\/Page-en-cours-de-redaction.jpg\" alt=\"\" width=\"800\" height=\"144\" srcset=\"https:\/\/monperejeanmamy.fr\/wp-content\/uploads\/2021\/02\/Page-en-cours-de-redaction.jpg 800w, https:\/\/monperejeanmamy.fr\/wp-content\/uploads\/2021\/02\/Page-en-cours-de-redaction-300x54.jpg 300w, https:\/\/monperejeanmamy.fr\/wp-content\/uploads\/2021\/02\/Page-en-cours-de-redaction-768x138.jpg 768w, https:\/\/monperejeanmamy.fr\/wp-content\/uploads\/2021\/02\/Page-en-cours-de-redaction-500x90.jpg 500w\" sizes=\"(max-width: 800px) 100vw, 800px\" \/><\/p>\n<p>&nbsp;<\/p>\n<p>&nbsp;<\/p>\n<p>&nbsp;<\/p>\n<p>7 mai 1945 : nouvelle adresse : cellule 290, 2\u00b0 division, n\u00b0 ordre 4407<\/p>\n<p>21 mai 1945 : nouvelle adresse : cellule 393, 2\u00b0 division, n\u00b0 ordre 4407<\/p>\n<p>,<\/p>\n<p>&nbsp;<\/p>\n<p>&nbsp;<\/p>\n<p>&nbsp;<\/p>\n<p>&nbsp;<\/p>\n<p>&nbsp;<\/p>\n<p>&nbsp;<\/p>\n","protected":false},"excerpt":{"rendered":"<p>Confession volontaire Jean Mamy se constituera volontairement prisonnier le 23 septembre 1944 en se rendant au Commandant Cambon (Denis Champeaux de la Boulaye) qui lui avait tendu plusieurs sourici\u00e8res et avait arr\u00eat\u00e9 sa m\u00e8re et sa femme, Barbara Val. Jean &hellip; <a href=\"https:\/\/monperejeanmamy.fr\/?page_id=844\">Continuer la lecture <span class=\"meta-nav\">&rarr;<\/span><\/a><\/p>\n","protected":false},"author":2,"featured_media":1700,"parent":0,"menu_order":0,"comment_status":"closed","ping_status":"closed","template":"","meta":[],"folder":[],"_links":{"self":[{"href":"https:\/\/monperejeanmamy.fr\/index.php?rest_route=\/wp\/v2\/pages\/844"}],"collection":[{"href":"https:\/\/monperejeanmamy.fr\/index.php?rest_route=\/wp\/v2\/pages"}],"about":[{"href":"https:\/\/monperejeanmamy.fr\/index.php?rest_route=\/wp\/v2\/types\/page"}],"author":[{"embeddable":true,"href":"https:\/\/monperejeanmamy.fr\/index.php?rest_route=\/wp\/v2\/users\/2"}],"replies":[{"embeddable":true,"href":"https:\/\/monperejeanmamy.fr\/index.php?rest_route=%2Fwp%2Fv2%2Fcomments&post=844"}],"version-history":[{"count":18,"href":"https:\/\/monperejeanmamy.fr\/index.php?rest_route=\/wp\/v2\/pages\/844\/revisions"}],"predecessor-version":[{"id":2267,"href":"https:\/\/monperejeanmamy.fr\/index.php?rest_route=\/wp\/v2\/pages\/844\/revisions\/2267"}],"wp:featuredmedia":[{"embeddable":true,"href":"https:\/\/monperejeanmamy.fr\/index.php?rest_route=\/wp\/v2\/media\/1700"}],"wp:attachment":[{"href":"https:\/\/monperejeanmamy.fr\/index.php?rest_route=%2Fwp%2Fv2%2Fmedia&parent=844"}],"wp:term":[{"taxonomy":"folder","embeddable":true,"href":"https:\/\/monperejeanmamy.fr\/index.php?rest_route=%2Fwp%2Fv2%2Ffolder&post=844"}],"curies":[{"name":"wp","href":"https:\/\/api.w.org\/{rel}","templated":true}]}}