{"id":848,"date":"2021-03-02T17:09:23","date_gmt":"2021-03-02T16:09:23","guid":{"rendered":"http:\/\/monperejeanmamy.fr\/?page_id=848"},"modified":"2021-06-07T18:23:12","modified_gmt":"2021-06-07T16:23:12","slug":"apres-la-salve-2","status":"publish","type":"page","link":"https:\/\/monperejeanmamy.fr\/?page_id=848","title":{"rendered":"Apr\u00e8s la salve"},"content":{"rendered":"<p style=\"text-align: justify;\">Ma\u00eetre Pierre Leroy, qui d\u00e9fendit Jean Mamy jusqu&rsquo;au bout et quii assista \u00e0 son ex\u00e9cution a \u00e9crit et publi\u00e9 peu apr\u00e8s un texte remarquable intitul\u00e9 \u00ab <em>Apr\u00e8s la salve<\/em> \u00bb<\/p>\n<a href=\"https:\/\/monperejeanmamy.fr\/wp-content\/uploads\/2021\/02\/Apres-la-salve-version-web.pdf\" class=\"pdfemb-viewer\" style=\"\" data-width=\"max\" data-height=\"max\" data-mobile-width=\"500\"  data-scrollbar=\"none\" data-download=\"off\" data-tracking=\"on\" data-newwindow=\"on\" data-pagetextbox=\"off\" data-scrolltotop=\"off\" data-startzoom=\"100\" data-startfpzoom=\"100\" data-toolbar=\"both\" data-toolbar-fixed=\"off\">Apr\u00e8s la salve version web<br\/><\/a>\n<hr \/>\n<h1>Le \u00ab pauvre Mamy \u00bb fut ex\u00e9cut\u00e9 pour avoir publi\u00e9 le <em>Pacte de la Synarchie<\/em><\/h1>\n<h3 style=\"text-align: center;\">Extrait de l\u2019ouvrage de Lucien Sabah, <em>Une police politique de Vichy :<br \/>\nle service des soci\u00e9t\u00e9s secr\u00e8tes <\/em>(Klincksieck 1996) \u2013 Annexe 1 (p 354-353)<\/h3>\n<blockquote><p>\u00ab <em>L&rsquo;ancien fr\u00e8re Paul Riche &#8211; qui fut v\u00e9n\u00e9rable de la loge Ernest Renan, sous son v\u00e9ritable patronyme de Mamy &#8211; fut condamn\u00e9 \u00e0 mort et fusill\u00e9\u00a0; il avait ralli\u00e9 la R\u00e9volution Nationale d\u00e8s juillet 1940 et fait partie de la r\u00e9daction de <\/em>L&rsquo;Appel<em>\u00a0; auteur du film <\/em>Forces occultes<em> et divulgateur de la fameuse circulaire secr\u00e8te de 1942, il avait accumul\u00e9 sur sa t\u00eate de solides haines<\/em>\u00a0\u00bb. \u00a0Cette page suit une analyse dans laquelle il est \u00e9crit que Dumesnil de Gramont et ses amis ont propos\u00e9 les ordonnances qui ont institu\u00e9 les juridictions d&rsquo;exception et que les effets de ces dispositions, qui laissaient libre jeu \u00e0 l&rsquo;arbitraire, n&rsquo;ont pas manqu\u00e9 de se faire sentir. Jet\u00e9s en prison apr\u00e8s la Lib\u00e9ration, Bernard Fa\u00ff, les membres du Service des soci\u00e9t\u00e9s secr\u00e8tes et les dirigeants du Centre d&rsquo;Action et de Documentation furent lourdement condamn\u00e9s pour des actes ou des \u00e9crits qui ne tombaient pas sous le coup de la loi avant la Lib\u00e9ration (pp.191-192) .<\/p>\n<p>En d&rsquo;autres termes, le pauvre Mamy fut ex\u00e9cut\u00e9 pour avoir \u00e9crit dans la presse de la collaboration et publi\u00e9 le Pacte de la Synarchie.<\/p><\/blockquote>\n<h1>Pourquoi Vincent Auriol a-t-il refus\u00e9 la gr\u00e2ce ?<\/h1>\n<p style=\"text-align: justify;\">Il est \u00e9vident qu&rsquo;on ne le saura probablement jamais. Toujours est-il qu&rsquo;on peut supposer que ce sont bien les attaques de Jean Mamy contre la Franc-ma\u00e7onnerie qui en sont la cause principale m\u00eame si, lors du proc\u00e8s ce sont les communistes qui se sont d\u00e9chain\u00e9s.<\/p>\n<p style=\"text-align: justify;\">\u00c0 la suite de la publication de mon livre Mon p\u00e8re, Jean Mamy, le dernier fusill\u00e9 de l&rsquo;\u00c9puration, j&rsquo;ai eu quelques \u00e9changes avec des historiens francs-ma\u00e7ons qui m&rsquo;ont assur\u00e9 qu&rsquo;ils n&rsquo;avaient pas trouv\u00e9 dans leurs archives le moindre indice permettant de le supposer. Toujours est-il que j&rsquo;ai d\u00e9couvert sur le blog d&rsquo;un certain Pierre Sarlat un <a href=\"http:\/\/monperejeanmamy.fr\/?page_id=1811\">texte relatif \u00e0 une rencontre<\/a> quand il \u00e9tait enfant qu&rsquo;il a eu avec Vincent Auriol qui laisse entendre qu&rsquo;il aurait pu \u00eatre sensible \u00e0 la pression des franc-ma\u00e7ons.<\/p>\n<h1>\u00ab Communistes + francs-ma\u00e7ons \u00bb : la double peine assur\u00e9e<\/h1>\n<p style=\"text-align: justify;\">Dans son testament politique, <em>Vers l&rsquo;Altruisme autoritaire,<\/em> Jean Mamy rappelle les premi\u00e8res minutes de son proc\u00e8s :<\/p>\n<p style=\"padding-left: 40px;\"><em>Un huissier en chandail annonce : <\/em>La Cour !<em><br \/>\nMes quarante t\u00e9moins \u00e0 charge se groupent.<\/em><br \/>\n<em>Entr\u00e9e du Pr\u00e9sident. Appel des jur\u00e9s. Suspension. Tirage au sort. Reprise.<\/em><br \/>\n<em>Sur les six jur\u00e9s, pour le moins trois communistes. (D\u00e8s le d\u00e9but, mes camarades plac\u00e9s dans la salle savaient que j\u2019\u00e9tais condamn\u00e9 au maximum. \u00c9quipe r\u00e9put\u00e9e affam\u00e9e).<\/em><br \/>\n<em>Le Pr\u00e9sident \u2014Franc-ma\u00e7on\u2014 est celui qui refusa de pr\u00eater serment au Mar\u00e9chal. C\u00e9l\u00e8bre pour ses \u00adsympathies d\u2019extr\u00eame-gauche. Tout \u00e0 fait indiqu\u00e9 pour juger un ex-v\u00e9n\u00e9rable pass\u00e9 au fascisme, agent de P\u00e9tain, dont le principal argument de d\u00e9fense<\/em> <em>est l\u2019anticommunisme.<\/em><\/p>\n","protected":false},"excerpt":{"rendered":"<p>Ma\u00eetre Pierre Leroy, qui d\u00e9fendit Jean Mamy jusqu&rsquo;au bout et quii assista \u00e0 son ex\u00e9cution a \u00e9crit et publi\u00e9 peu apr\u00e8s un texte remarquable intitul\u00e9 \u00ab Apr\u00e8s la salve \u00bb Le \u00ab pauvre Mamy \u00bb fut ex\u00e9cut\u00e9 pour avoir publi\u00e9 &hellip; <a href=\"https:\/\/monperejeanmamy.fr\/?page_id=848\">Continuer la lecture <span class=\"meta-nav\">&rarr;<\/span><\/a><\/p>\n","protected":false},"author":2,"featured_media":1672,"parent":0,"menu_order":0,"comment_status":"closed","ping_status":"closed","template":"","meta":[],"folder":[],"_links":{"self":[{"href":"https:\/\/monperejeanmamy.fr\/index.php?rest_route=\/wp\/v2\/pages\/848"}],"collection":[{"href":"https:\/\/monperejeanmamy.fr\/index.php?rest_route=\/wp\/v2\/pages"}],"about":[{"href":"https:\/\/monperejeanmamy.fr\/index.php?rest_route=\/wp\/v2\/types\/page"}],"author":[{"embeddable":true,"href":"https:\/\/monperejeanmamy.fr\/index.php?rest_route=\/wp\/v2\/users\/2"}],"replies":[{"embeddable":true,"href":"https:\/\/monperejeanmamy.fr\/index.php?rest_route=%2Fwp%2Fv2%2Fcomments&post=848"}],"version-history":[{"count":8,"href":"https:\/\/monperejeanmamy.fr\/index.php?rest_route=\/wp\/v2\/pages\/848\/revisions"}],"predecessor-version":[{"id":3188,"href":"https:\/\/monperejeanmamy.fr\/index.php?rest_route=\/wp\/v2\/pages\/848\/revisions\/3188"}],"wp:featuredmedia":[{"embeddable":true,"href":"https:\/\/monperejeanmamy.fr\/index.php?rest_route=\/wp\/v2\/media\/1672"}],"wp:attachment":[{"href":"https:\/\/monperejeanmamy.fr\/index.php?rest_route=%2Fwp%2Fv2%2Fmedia&parent=848"}],"wp:term":[{"taxonomy":"folder","embeddable":true,"href":"https:\/\/monperejeanmamy.fr\/index.php?rest_route=%2Fwp%2Fv2%2Ffolder&post=848"}],"curies":[{"name":"wp","href":"https:\/\/api.w.org\/{rel}","templated":true}]}}