{"id":86,"date":"2021-02-10T16:03:56","date_gmt":"2021-02-10T15:03:56","guid":{"rendered":"http:\/\/monperejeanmamy.fr\/?page_id=86"},"modified":"2021-03-11T09:15:34","modified_gmt":"2021-03-11T08:15:34","slug":"jean-mamy-et-le-cinema","status":"publish","type":"page","link":"https:\/\/monperejeanmamy.fr\/?page_id=86","title":{"rendered":"Jean Mamy et le Cin\u00e9ma"},"content":{"rendered":"<p style=\"text-align: justify;\">Jean Mamy fera ses premiers pas au th\u00e9\u00e2tre et au cin\u00e9ma en tant qu\u2019acteur.<\/p>\n<p style=\"text-align: justify;\">Dans les ann\u00e9es 30, Jean Mamy d\u00e9couvre l&rsquo;autre facette du cin\u00e9ma, au c\u0153ur d\u2019un m\u00e9tier nouveau extraordinaire. De monteur et syndicaliste, il devient r\u00e9alisateur, producteur et sc\u00e9nariste, comme en t\u00e9moignent les nombreux films auxquels il a contribu\u00e9 en c\u00f4toyant les vedettes les plus en vue de l\u2019\u00e9poque.<\/p>\n<h2><img loading=\"lazy\" class=\"alignright size-medium wp-image-421\" src=\"http:\/\/monperejeanmamy.fr\/wp-content\/uploads\/2021\/02\/Cinema-sous-occupation-220x300.jpg\" alt=\"\" width=\"220\" height=\"300\" srcset=\"https:\/\/monperejeanmamy.fr\/wp-content\/uploads\/2021\/02\/Cinema-sous-occupation-220x300.jpg 220w, https:\/\/monperejeanmamy.fr\/wp-content\/uploads\/2021\/02\/Cinema-sous-occupation.jpg 348w\" sizes=\"(max-width: 220px) 100vw, 220px\" \/><\/h2>\n<p style=\"text-align: justify;\">C\u2019est lui qui met au point, d\u00e9fend et fait accepter le <em>\u00ab\u00a0<a href=\"http:\/\/monperejeanmamy.fr\/?page_id=369\">Contrat collectif des techniciens et sp\u00e9cialistes de la production du film<\/a><\/em>\u00a0\u00bb et qui sert par exemple en 1937 d\u2019interm\u00e9diaire pour obtenir que le \u00ab\u00a0petit personnel\u00a0\u00bb qui a travaill\u00e9 sur <em>Mister Fl<\/em>ow per\u00e7oive la r\u00e9mun\u00e9ration promise que le producteur n\u2019a pas vers\u00e9e.<\/p>\n<p style=\"text-align: justify;\">La liste des films auxquels il a particip\u00e9 est longue et \u00e9loquente :<\/p>\n<ul>\n<li style=\"text-align: justify;\">d&rsquo;abord comme <a href=\"http:\/\/monperejeanmamy.fr\/?page_id=1022\">acteur<\/a>,<\/li>\n<li style=\"text-align: justify;\">surtout comme <a href=\"http:\/\/monperejeanmamy.fr\/?page_id=1001\">monteur<\/a>,<\/li>\n<li style=\"text-align: justify;\">puis comme <a href=\"http:\/\/monperejeanmamy.fr\/?page_id=1004\">r\u00e9alisateur<\/a>,<\/li>\n<li style=\"text-align: justify;\">mais aussi comme <a href=\"http:\/\/monperejeanmamy.fr\/?page_id=1009\">directeur de production,<\/a><\/li>\n<li style=\"text-align: justify;\">ou comme <a href=\"http:\/\/monperejeanmamy.fr\/?page_id=1014\">sc\u00e9nariste<\/a>.<\/li>\n<\/ul>\n<p style=\"text-align: justify;\">Son dernier film, <a href=\"http:\/\/monperejeanmamy.fr\/?page_id=191\"><em>Forces occultes<\/em><\/a>, moyen m\u00e9trage anti-ma\u00e7onnique, r\u00e9alis\u00e9 en 1942 sous le pseudonyme de Paul Riche, est sans doute le seul auquel son nom reste attach\u00e9 dans la m\u00e9moire collective.<\/p>\n","protected":false},"excerpt":{"rendered":"<p>Jean Mamy fera ses premiers pas au th\u00e9\u00e2tre et au cin\u00e9ma en tant qu\u2019acteur. Dans les ann\u00e9es 30, Jean Mamy d\u00e9couvre l&rsquo;autre facette du cin\u00e9ma, au c\u0153ur d\u2019un m\u00e9tier nouveau extraordinaire. De monteur et syndicaliste, il devient r\u00e9alisateur, producteur et &hellip; <a href=\"https:\/\/monperejeanmamy.fr\/?page_id=86\">Continuer la lecture <span class=\"meta-nav\">&rarr;<\/span><\/a><\/p>\n","protected":false},"author":1,"featured_media":1123,"parent":0,"menu_order":0,"comment_status":"closed","ping_status":"closed","template":"","meta":[],"folder":[],"_links":{"self":[{"href":"https:\/\/monperejeanmamy.fr\/index.php?rest_route=\/wp\/v2\/pages\/86"}],"collection":[{"href":"https:\/\/monperejeanmamy.fr\/index.php?rest_route=\/wp\/v2\/pages"}],"about":[{"href":"https:\/\/monperejeanmamy.fr\/index.php?rest_route=\/wp\/v2\/types\/page"}],"author":[{"embeddable":true,"href":"https:\/\/monperejeanmamy.fr\/index.php?rest_route=\/wp\/v2\/users\/1"}],"replies":[{"embeddable":true,"href":"https:\/\/monperejeanmamy.fr\/index.php?rest_route=%2Fwp%2Fv2%2Fcomments&post=86"}],"version-history":[{"count":30,"href":"https:\/\/monperejeanmamy.fr\/index.php?rest_route=\/wp\/v2\/pages\/86\/revisions"}],"predecessor-version":[{"id":1305,"href":"https:\/\/monperejeanmamy.fr\/index.php?rest_route=\/wp\/v2\/pages\/86\/revisions\/1305"}],"wp:featuredmedia":[{"embeddable":true,"href":"https:\/\/monperejeanmamy.fr\/index.php?rest_route=\/wp\/v2\/media\/1123"}],"wp:attachment":[{"href":"https:\/\/monperejeanmamy.fr\/index.php?rest_route=%2Fwp%2Fv2%2Fmedia&parent=86"}],"wp:term":[{"taxonomy":"folder","embeddable":true,"href":"https:\/\/monperejeanmamy.fr\/index.php?rest_route=%2Fwp%2Fv2%2Ffolder&post=86"}],"curies":[{"name":"wp","href":"https:\/\/api.w.org\/{rel}","templated":true}]}}