{"id":88,"date":"2021-02-10T16:05:29","date_gmt":"2021-02-10T15:05:29","guid":{"rendered":"http:\/\/monperejeanmamy.fr\/?page_id=88"},"modified":"2021-03-26T17:25:52","modified_gmt":"2021-03-26T16:25:52","slug":"jean-mamy-journaliste","status":"publish","type":"page","link":"https:\/\/monperejeanmamy.fr\/?page_id=88","title":{"rendered":"Jean Mamy pamphl\u00e9taire"},"content":{"rendered":"<p style=\"text-align: justify;\">En 1941, Jean Mamy, simple journaliste fran\u00e7ais, est alors en phase, m\u00eame s\u2019il s\u2019exprime avec une violence \u00e9pistolaire forte, inimaginable aujourd\u2019hui, avec un grand nombre des quarante millions de p\u00e9tainistes, vou\u00e9s corps et \u00e2me \u00e0 leur \u00ab sauveur \u00bb, d\u00e9faits militairement, plus ou moins anglophobes, antis\u00e9mites et anti-francs-ma\u00e7ons, aussi inquiets du pacte germano-sovi\u00e9tique que des risques d\u2019un potentiel envahisseur bolch\u00e9vique.<\/p>\n<p style=\"text-align: justify;\">J\u2019ai retrouv\u00e9 un grand nombre des articles sign\u00e9s par mon p\u00e8re. Ils sont souvent d\u2019une virulence extr\u00eame et d\u2019une violence parfois intol\u00e9rable. On imagine pas que de tels propos puissent \u00eatre tenus et encore moins imprim\u00e9s aujourd\u2019hui, \u00e0 l\u2019heure o\u00f9 le racisme, l\u2019antis\u00e9mitisme et la x\u00e9nophobie sont devenus ill\u00e9gaux et o\u00f9 le \u00ab\u00a0politiquement correct\u00a0\u00bb et la \u00ab\u00a0pens\u00e9e unique\u00a0\u00bb ont anesth\u00e9si\u00e9 tous les propos \u00e0 l\u2019exception des \u00ab\u00a0petites phrases\u00a0\u00bb ou des \u00ab\u00a0bavures\u00a0\u00bb, souvent anodines ou humoristiques qui soul\u00e8vent des toll\u00e9s et valent \u00e0 leurs auteurs des remontrances, des proc\u00e8s, voire des condamnations.<\/p>\n<p style=\"text-align: justify;\">Et pourtant, aussi surprenant que ce soit, ces articles, son antis\u00e9mitisme flagrant et insoutenable, et m\u00eame son anti-ma\u00e7onnisme ne seront pas, comme on peut le constater dans la partie du site consacr\u00e9e \u00e0 son <a href=\"http:\/\/monperejeanmamy.fr\/?page_id=29\">proc\u00e8s<\/a>, des motifs qui lui seront reproch\u00e9s, ni m\u00eame souvent \u00e9voqu\u00e9s lors de celui-ci et encore moins qui justifieront officiellement sa condamnation \u00e0 mort, le rejet de son recours en gr\u00e2ce et son ex\u00e9cution.<\/p>\n<ul>\n<li>Articles parus dans <a href=\"http:\/\/monperejeanmamy.fr\/?page_id=409\">L&rsquo;Appel<\/a><\/li>\n<li>Articles parus dans <a href=\"http:\/\/monperejeanmamy.fr\/?page_id=403\">Au Pilori<\/a><\/li>\n<\/ul>\n<h2>Jean Mamy, antis\u00e9mite de plume<\/h2>\n<p style=\"text-align: justify;\">Le texte qui suit est extrait de l\u2019ouvrage de Micha\u00ebl Lenoire, <em>Antis\u00e9mitisme de plume (1940-1944) &#8211; \u00c9tudes et documents<\/em>, r\u00e9alis\u00e9 sous la direction de Pierre Andr\u00e9-Taguieff (Berg, 1999).<\/p>\n<h2 style=\"text-align: center;\"><em>Paul Riche (Jean Mamy, dit)<\/em><\/h2>\n<p style=\"text-align: justify; padding-left: 40px;\"><em>[&#8230;] Peu d\u2019informations nous sont parvenues sur sa vie et sa carri\u00e8re avant la Seconde Guerre mondiale. [&#8230;] Pas\u00adcal Ory pr\u00e9cise que \u00ab ce dernier, nagu\u00e8re acteur chez Dullin, avait \u00e9t\u00e9 un monteur de quelque r\u00e9putation mais un r\u00e9alisateur m\u00e9diocre \u00bb. \u00c0 l\u2019occasion, il \u00e9crit des articles \u00e0 tendance politique dans <\/em>La Fl\u00e8che <em>de Gaston Bergery, hebdomadaire du Front social puis du Parti frontiste, dans lequel les \u00ab bellicistes \u00bb et les \u00ab oligarchies financi\u00e8res \u00bb sont fusti\u00adg\u00e9s. [&#8230;]<br \/>\n<\/em><\/p>\n<p style=\"text-align: justify; padding-left: 40px;\"><em><img loading=\"lazy\" class=\"alignright wp-image-420\" src=\"http:\/\/monperejeanmamy.fr\/wp-content\/uploads\/2021\/02\/Antisemitisme-de-plume-203x300.jpg\" alt=\"\" width=\"166\" height=\"241\" \/>Les activit\u00e9s de Jean Mamy, devenu Paul Riche sous l\u2019Occupation, of\u00adfrent deux facettes. Publiquement, c\u2019est l\u2019une des plumes, sinon la plume, les plus f\u00e9roces en mati\u00e8re d\u2019anti-s\u00e9mitisme et d\u2019antima\u00e7onnisme. Sa fr\u00e9n\u00e9sie s\u2019exprime sans retenue dans les colonnes de l\u2019hebdomadaire <\/em>L\u2019Appel <em>de Pierre Costantini. Cette feuille est la concurrente directe d\u2019<\/em>Au pilori,<em> qui a pourtant fait de l\u2019antis\u00e9mitisme sa raison d\u2019exister. Il n\u2019est donc pas surprenant d\u2019y retrouver r\u00e9guli\u00e8rement la signature de Jean Mamy, sous le pseudonyme de Paul Riche ou celui de J.-M. Renan, au bas d\u2019articles d\u2019une rare violence. Celui intitul\u00e9 \u00ab <\/em>Mort au Juif !<em> \u00bb demeure un morceau d\u2019anthologie de la haine. Mais c\u2019est \u00e0 <\/em>L\u2019Appe<em>l, dont il dirige pendant un certain temps l\u2019\u00e9quipe r\u00e9dactionnelle, qu\u2019il exprime le mieux ses id\u00e9es. II accorde \u00e0 ce journal la primeur de ses informations sur la Synarchie qui devient peu \u00e0 peu son th\u00e8me favori. Paul Riche et le directeur de la publication, Pierre Costantini, \u00e9vitent de justesse l\u2019incarc\u00e9ration, \u00e0 la suite du mandat d\u2019arr\u00eat demand\u00e9 par le ministre de l\u2019Int\u00e9rieur, Pierre Pucheu, qui se sent vis\u00e9 par l\u2019article consacr\u00e9 \u00e0 cette pr\u00e9tendue soci\u00e9t\u00e9 secr\u00e8te. Paul Riche est un adepte de la th\u00e9orie conspirationniste qu\u2019il alimente par son antis\u00e9mitisme obsessionnel. Il aborde avec le plus grand s\u00e9rieux, par exemple, \u00ab <\/em>le probl\u00e8me des soci\u00e9t\u00e9s capi\u00adtalistes fran\u00e7aises des Templiers \u00e0 la Synarchie<em> \u00bb au cours d\u2019une conf\u00e9\u00adrence au Cercle aryen en janvier 1944.<\/em><\/p>\n<p style=\"text-align: justify; padding-left: 40px;\"><em>Il lui arrive d\u2019accorder des articles \u00e0 des p\u00e9riodiques amis comme <\/em>Les Documents ma\u00e7onniques<em> ou <\/em>Le Cri du peuple<em>. Mais il profite aussi de son pass\u00e9 dans les milieux cin\u00e9matographiques pour r\u00e9aliser le film de propagande antima\u00e7onnique <\/em>Forces occultes<em> \u2014 qui use \u00e9galement des clich\u00e9s les plus communs de l\u2019antis\u00e9mitisme\u2014 avec une subvention alle\u00admande de 1.200.000 francs. Le sc\u00e9nario est d\u2019un autre ancien franc-\u00adma\u00e7on, Jean Marqu\u00e8s-Rivi\u00e9re. <\/em><\/p>\n<p style=\"text-align: justify; padding-left: 40px;\"><em>Paul Riche int\u00e8gre sans difficult\u00e9 le milieu ferm\u00e9 et s\u00e9lectif des pro\u00adpagandistes de l\u2019antis\u00e9mitisme et de l\u2019anti-ma\u00e7onnisme dans Paris occu\u00adp\u00e9. Il fait partie, entre autres, de l\u2019Association des journalistes antijuifs (A.J.A.). \u00c9tranger \u00e0 la naissance de la Commission d\u2019\u00e9tudes jud\u00e9o-\u00adma\u00e7onniques (C.E.J.M.), il y est n\u00e9anmoins re\u00e7u pour sa conf\u00e9rence le 15 janvier 1943 sur \u00ab <\/em>les slogans ma\u00e7onniques depuis 89<em> \u00bb. Il est r\u00e9guli\u00e8\u00adrement invit\u00e9 aux d\u00e9jeuners de cette Commission, comme celui du 29 octobre 1942 qui f\u00eate le num\u00e9ro sp\u00e9cial du <\/em>Weltkampf<em>(Combat mondial) sur la question juive en France. Il se consacre pourtant davantage au Cercle aryen, dont il pr\u00e9side la commission de la presse. C\u2019est un mem\u00adbre assidu de son conseil d\u2019administration. L\u2019omnipr\u00e9sence qu\u2019y exerce \u00ab son ami de lutte\u00a0\u00bb, Gueydan de Roussel, conforte l\u2019int\u00e9r\u00eat que porte Paul Riche \u00e0 ce cercle ultra-collaborationniste. Il est pr\u00e9sent au d\u00e9jeuner du 11 d\u00e9cembre 1943 consacr\u00e9 aux signataires de l\u2019\u00ab\u00a0<\/em>Appel des intellec\u00adtuels fran\u00e7ais contre les bombardements a\u00e9riens des populations civi\u00adles<em>\u00a0\u00bb. II finit par s\u2019imposer comme une r\u00e9f\u00e9rence en mati\u00e8re d\u2019antis\u00e9mitisme et se trouve parmi les membres du jury du Prix Edouard Drumont \u00e0 l\u2019occasion de la comm\u00e9moration du centenaire du \u00ab pape de l\u2019antis\u00e9mitisme \u00bb en mai 1944. Il est convi\u00e9 au grand repas offert dans les salons du Cercle aryen le 5 du m\u00eame mois.<\/em><\/p>\n<p>&nbsp;<\/p>\n","protected":false},"excerpt":{"rendered":"<p>En 1941, Jean Mamy, simple journaliste fran\u00e7ais, est alors en phase, m\u00eame s\u2019il s\u2019exprime avec une violence \u00e9pistolaire forte, inimaginable aujourd\u2019hui, avec un grand nombre des quarante millions de p\u00e9tainistes, vou\u00e9s corps et \u00e2me \u00e0 leur \u00ab sauveur \u00bb, d\u00e9faits &hellip; <a href=\"https:\/\/monperejeanmamy.fr\/?page_id=88\">Continuer la lecture <span class=\"meta-nav\">&rarr;<\/span><\/a><\/p>\n","protected":false},"author":1,"featured_media":1140,"parent":0,"menu_order":0,"comment_status":"closed","ping_status":"closed","template":"","meta":[],"folder":[],"_links":{"self":[{"href":"https:\/\/monperejeanmamy.fr\/index.php?rest_route=\/wp\/v2\/pages\/88"}],"collection":[{"href":"https:\/\/monperejeanmamy.fr\/index.php?rest_route=\/wp\/v2\/pages"}],"about":[{"href":"https:\/\/monperejeanmamy.fr\/index.php?rest_route=\/wp\/v2\/types\/page"}],"author":[{"embeddable":true,"href":"https:\/\/monperejeanmamy.fr\/index.php?rest_route=\/wp\/v2\/users\/1"}],"replies":[{"embeddable":true,"href":"https:\/\/monperejeanmamy.fr\/index.php?rest_route=%2Fwp%2Fv2%2Fcomments&post=88"}],"version-history":[{"count":13,"href":"https:\/\/monperejeanmamy.fr\/index.php?rest_route=\/wp\/v2\/pages\/88\/revisions"}],"predecessor-version":[{"id":1595,"href":"https:\/\/monperejeanmamy.fr\/index.php?rest_route=\/wp\/v2\/pages\/88\/revisions\/1595"}],"wp:featuredmedia":[{"embeddable":true,"href":"https:\/\/monperejeanmamy.fr\/index.php?rest_route=\/wp\/v2\/media\/1140"}],"wp:attachment":[{"href":"https:\/\/monperejeanmamy.fr\/index.php?rest_route=%2Fwp%2Fv2%2Fmedia&parent=88"}],"wp:term":[{"taxonomy":"folder","embeddable":true,"href":"https:\/\/monperejeanmamy.fr\/index.php?rest_route=%2Fwp%2Fv2%2Ffolder&post=88"}],"curies":[{"name":"wp","href":"https:\/\/api.w.org\/{rel}","templated":true}]}}