{"id":894,"date":"2021-03-02T17:55:15","date_gmt":"2021-03-02T16:55:15","guid":{"rendered":"http:\/\/monperejeanmamy.fr\/?page_id=894"},"modified":"2021-03-11T14:04:11","modified_gmt":"2021-03-11T13:04:11","slug":"correspondance","status":"publish","type":"page","link":"https:\/\/monperejeanmamy.fr\/?page_id=894","title":{"rendered":"Correspondance"},"content":{"rendered":"<p>Il s&rsquo;agit essentiellement de lettres de Jean Mamy, \u00e9crites depuis sa cellules de Fresnes.<\/p>\n<ul>\n<li><a href=\"http:\/\/monperejeanmamy.fr\/?page_id=1318\">Correspondance de prison avec ma m\u00e8re; Jeanne Roux<\/a><\/li>\n<li>Lettres de Jean Mamy pendant son incarc\u00e9ration\n<ul>\n<li><a href=\"http:\/\/monperejeanmamy.fr\/?page_id=907\">Lettres \u00e0 son avocat, Ma\u00eetre Leroy<\/a><\/li>\n<li><a href=\"http:\/\/monperejeanmamy.fr\/?page_id=909\">Lettres \u00e0 des amis et des proches<\/a><\/li>\n<\/ul>\n<\/li>\n<li>Autres <a href=\"http:\/\/monperejeanmamy.fr\/?page_id=911\">courriers divers<\/a><\/li>\n<\/ul>\n<p>&nbsp;<\/p>\n<p>&nbsp;<\/p>\n<p>&nbsp;<\/p>\n","protected":false},"excerpt":{"rendered":"<p>Il s&rsquo;agit essentiellement de lettres de Jean Mamy, \u00e9crites depuis sa cellules de Fresnes. Correspondance de prison avec ma m\u00e8re; Jeanne Roux Lettres de Jean Mamy pendant son incarc\u00e9ration Lettres \u00e0 son avocat, Ma\u00eetre Leroy Lettres \u00e0 des amis et &hellip; <a href=\"https:\/\/monperejeanmamy.fr\/?page_id=894\">Continuer la lecture <span class=\"meta-nav\">&rarr;<\/span><\/a><\/p>\n","protected":false},"author":2,"featured_media":897,"parent":0,"menu_order":0,"comment_status":"closed","ping_status":"closed","template":"","meta":[],"folder":[],"_links":{"self":[{"href":"https:\/\/monperejeanmamy.fr\/index.php?rest_route=\/wp\/v2\/pages\/894"}],"collection":[{"href":"https:\/\/monperejeanmamy.fr\/index.php?rest_route=\/wp\/v2\/pages"}],"about":[{"href":"https:\/\/monperejeanmamy.fr\/index.php?rest_route=\/wp\/v2\/types\/page"}],"author":[{"embeddable":true,"href":"https:\/\/monperejeanmamy.fr\/index.php?rest_route=\/wp\/v2\/users\/2"}],"replies":[{"embeddable":true,"href":"https:\/\/monperejeanmamy.fr\/index.php?rest_route=%2Fwp%2Fv2%2Fcomments&post=894"}],"version-history":[{"count":8,"href":"https:\/\/monperejeanmamy.fr\/index.php?rest_route=\/wp\/v2\/pages\/894\/revisions"}],"predecessor-version":[{"id":1320,"href":"https:\/\/monperejeanmamy.fr\/index.php?rest_route=\/wp\/v2\/pages\/894\/revisions\/1320"}],"wp:featuredmedia":[{"embeddable":true,"href":"https:\/\/monperejeanmamy.fr\/index.php?rest_route=\/wp\/v2\/media\/897"}],"wp:attachment":[{"href":"https:\/\/monperejeanmamy.fr\/index.php?rest_route=%2Fwp%2Fv2%2Fmedia&parent=894"}],"wp:term":[{"taxonomy":"folder","embeddable":true,"href":"https:\/\/monperejeanmamy.fr\/index.php?rest_route=%2Fwp%2Fv2%2Ffolder&post=894"}],"curies":[{"name":"wp","href":"https:\/\/api.w.org\/{rel}","templated":true}]}}