{"id":92,"date":"2021-02-10T16:06:57","date_gmt":"2021-02-10T15:06:57","guid":{"rendered":"http:\/\/monperejeanmamy.fr\/?page_id=92"},"modified":"2021-03-13T10:20:36","modified_gmt":"2021-03-13T09:20:36","slug":"jean-mamy-auteur-de-theatre","status":"publish","type":"page","link":"https:\/\/monperejeanmamy.fr\/?page_id=92","title":{"rendered":"Jean Mamy auteur de th\u00e9\u00e2tre"},"content":{"rendered":"<h1 style=\"text-align: center;\">Pi\u00e8ces de th\u00e9\u00e2tre \u00e9crites par Jean Mamy<\/h1>\n<h1>Avant la guerre, sous le pseudonyme de Jean-Charles Marie et J. Marny<\/h1>\n<ul>\n<li><a href=\"http:\/\/monperejeanmamy.fr\/?page_id=787\"><em>Le Diable au c\u0153ur<\/em><\/a>, pi\u00e8ce en trois actes, \u00e9crite et r\u00e9\u00e9crite entre 1934 et 1943, sous le pseudonyme de Jean-Charles Marie<\/li>\n<li><a href=\"http:\/\/monperejeanmamy.fr\/?page_id=779\"><em>Un jour comme un autre<\/em><\/a>, pi\u00e8ce en un acte \u00e9crite en 1937 sous le pseudonyme de Jean-Charles Marie<\/li>\n<li><em><a href=\"http:\/\/monperejeanmamy.fr\/?page_id=783\">Fiacres<\/a> ou \u00ab Flou\u00e9e \u00bb,<\/em> petite pi\u00e8ce en un acte \u00e9crite sous le pseudonyme J. Marni<\/li>\n<\/ul>\n<h1>Pendant son incarc\u00e9ration \u00e0 Fresnes (1945-1948)<\/h1>\n<p><img loading=\"lazy\" class=\"aligncenter size-full wp-image-823\" src=\"http:\/\/monperejeanmamy.fr\/wp-content\/uploads\/2021\/02\/Ecrire-en-prison.jpg\" alt=\"\" width=\"918\" height=\"384\" srcset=\"https:\/\/monperejeanmamy.fr\/wp-content\/uploads\/2021\/02\/Ecrire-en-prison.jpg 918w, https:\/\/monperejeanmamy.fr\/wp-content\/uploads\/2021\/02\/Ecrire-en-prison-300x125.jpg 300w, https:\/\/monperejeanmamy.fr\/wp-content\/uploads\/2021\/02\/Ecrire-en-prison-768x321.jpg 768w, https:\/\/monperejeanmamy.fr\/wp-content\/uploads\/2021\/02\/Ecrire-en-prison-500x209.jpg 500w\" sizes=\"(max-width: 918px) 100vw, 918px\" \/><\/p>\n<ul>\n<li><a href=\"http:\/\/monperejeanmamy.fr\/?page_id=1438\"><em>Lancelot des Bois<\/em><\/a>, Geste m\u00e9di\u00e9vale en 3 actes, \u00e9crite en prison d\u00e9but 1945<\/li>\n<li><a href=\"http:\/\/monperejeanmamy.fr\/?page_id=761\">Gab<em>riella<\/em><\/a>, pi\u00e8ce en trois actes \u00e9crite en prison en 1945<\/li>\n<li><a href=\"http:\/\/monperejeanmamy.fr\/?page_id=770\"><em>Hippodamie<\/em><\/a>, trag\u00e9die grecque, \u00e9crite en prison en 1946<\/li>\n<li><a href=\"http:\/\/monperejeanmamy.fr\/?page_id=775\"><em>Lucille<\/em><\/a>, pi\u00e8ce en trois actes, \u00e9crite en prison en 1948<\/li>\n<\/ul>\n<p>&nbsp;<\/p>\n","protected":false},"excerpt":{"rendered":"<p>Pi\u00e8ces de th\u00e9\u00e2tre \u00e9crites par Jean Mamy Avant la guerre, sous le pseudonyme de Jean-Charles Marie et J. Marny Le Diable au c\u0153ur, pi\u00e8ce en trois actes, \u00e9crite et r\u00e9\u00e9crite entre 1934 et 1943, sous le pseudonyme de Jean-Charles Marie &hellip; <a href=\"https:\/\/monperejeanmamy.fr\/?page_id=92\">Continuer la lecture <span class=\"meta-nav\">&rarr;<\/span><\/a><\/p>\n","protected":false},"author":1,"featured_media":1141,"parent":0,"menu_order":0,"comment_status":"closed","ping_status":"closed","template":"","meta":[],"folder":[],"_links":{"self":[{"href":"https:\/\/monperejeanmamy.fr\/index.php?rest_route=\/wp\/v2\/pages\/92"}],"collection":[{"href":"https:\/\/monperejeanmamy.fr\/index.php?rest_route=\/wp\/v2\/pages"}],"about":[{"href":"https:\/\/monperejeanmamy.fr\/index.php?rest_route=\/wp\/v2\/types\/page"}],"author":[{"embeddable":true,"href":"https:\/\/monperejeanmamy.fr\/index.php?rest_route=\/wp\/v2\/users\/1"}],"replies":[{"embeddable":true,"href":"https:\/\/monperejeanmamy.fr\/index.php?rest_route=%2Fwp%2Fv2%2Fcomments&post=92"}],"version-history":[{"count":13,"href":"https:\/\/monperejeanmamy.fr\/index.php?rest_route=\/wp\/v2\/pages\/92\/revisions"}],"predecessor-version":[{"id":1441,"href":"https:\/\/monperejeanmamy.fr\/index.php?rest_route=\/wp\/v2\/pages\/92\/revisions\/1441"}],"wp:featuredmedia":[{"embeddable":true,"href":"https:\/\/monperejeanmamy.fr\/index.php?rest_route=\/wp\/v2\/media\/1141"}],"wp:attachment":[{"href":"https:\/\/monperejeanmamy.fr\/index.php?rest_route=%2Fwp%2Fv2%2Fmedia&parent=92"}],"wp:term":[{"taxonomy":"folder","embeddable":true,"href":"https:\/\/monperejeanmamy.fr\/index.php?rest_route=%2Fwp%2Fv2%2Ffolder&post=92"}],"curies":[{"name":"wp","href":"https:\/\/api.w.org\/{rel}","templated":true}]}}