{"id":928,"date":"2021-03-04T16:46:25","date_gmt":"2021-03-04T15:46:25","guid":{"rendered":"http:\/\/monperejeanmamy.fr\/?page_id=928"},"modified":"2021-03-07T18:58:33","modified_gmt":"2021-03-07T17:58:33","slug":"scenario-santos-dumont","status":"publish","type":"page","link":"https:\/\/monperejeanmamy.fr\/?page_id=928","title":{"rendered":"Sc\u00e9nario Santos-Dumont d\u00e9pos\u00e9 le 16 d\u00e9cembre 1937"},"content":{"rendered":"<a href=\"\/?pdfemb-serveurl=http%3A%2F%2Fmonperejeanmamy.fr%2Fwp-content%2Fuploads%2Fsecurepdfs%2F2021%2F03%2F1937-12-16-Senario-long.pdf\" class=\"pdfemb-viewer\" style=\"\" data-width=\"max\" data-height=\"max\" data-mobile-width=\"500\"  data-scrollbar=\"none\" data-download=\"off\" data-tracking=\"on\" data-newwindow=\"on\" data-pagetextbox=\"off\" data-scrolltotop=\"off\" data-startzoom=\"100\" data-startfpzoom=\"100\" data-download-nonce=\"08155fa216\" data-disablerightclick=\"on\" data-toolbar=\"both\" data-toolbar-fixed=\"off\">1937 12 16 S\u00e9nario long<br\/><\/a>\n","protected":false},"excerpt":{"rendered":"","protected":false},"author":2,"featured_media":1123,"parent":0,"menu_order":0,"comment_status":"closed","ping_status":"closed","template":"","meta":[],"folder":[],"_links":{"self":[{"href":"https:\/\/monperejeanmamy.fr\/index.php?rest_route=\/wp\/v2\/pages\/928"}],"collection":[{"href":"https:\/\/monperejeanmamy.fr\/index.php?rest_route=\/wp\/v2\/pages"}],"about":[{"href":"https:\/\/monperejeanmamy.fr\/index.php?rest_route=\/wp\/v2\/types\/page"}],"author":[{"embeddable":true,"href":"https:\/\/monperejeanmamy.fr\/index.php?rest_route=\/wp\/v2\/users\/2"}],"replies":[{"embeddable":true,"href":"https:\/\/monperejeanmamy.fr\/index.php?rest_route=%2Fwp%2Fv2%2Fcomments&post=928"}],"version-history":[{"count":3,"href":"https:\/\/monperejeanmamy.fr\/index.php?rest_route=\/wp\/v2\/pages\/928\/revisions"}],"predecessor-version":[{"id":934,"href":"https:\/\/monperejeanmamy.fr\/index.php?rest_route=\/wp\/v2\/pages\/928\/revisions\/934"}],"wp:featuredmedia":[{"embeddable":true,"href":"https:\/\/monperejeanmamy.fr\/index.php?rest_route=\/wp\/v2\/media\/1123"}],"wp:attachment":[{"href":"https:\/\/monperejeanmamy.fr\/index.php?rest_route=%2Fwp%2Fv2%2Fmedia&parent=928"}],"wp:term":[{"taxonomy":"folder","embeddable":true,"href":"https:\/\/monperejeanmamy.fr\/index.php?rest_route=%2Fwp%2Fv2%2Ffolder&post=928"}],"curies":[{"name":"wp","href":"https:\/\/api.w.org\/{rel}","templated":true}]}}