{"id":94,"date":"2021-02-10T16:07:59","date_gmt":"2021-02-10T15:07:59","guid":{"rendered":"http:\/\/monperejeanmamy.fr\/?page_id=94"},"modified":"2021-03-07T18:39:40","modified_gmt":"2021-03-07T17:39:40","slug":"jean-mamy-ecrivain-caricaturiste","status":"publish","type":"page","link":"https:\/\/monperejeanmamy.fr\/?page_id=94","title":{"rendered":"Jean Mamy essayiste et caricaturiste"},"content":{"rendered":"<h1>Jean Mamy essayiste : des portraits et des pens\u00e9es<\/h1>\n<ul>\n<li><a href=\"http:\/\/monperejeanmamy.fr\/?page_id=384\">La cuve \u00e0 serpents<\/a> : un recueil de portraits fictifs<\/li>\n<li><a href=\"http:\/\/monperejeanmamy.fr\/?page_id=388\">Empyr\u00e9e<\/a> : un recueil de pens\u00e9es (manuscrit, illustrations et symboles de Jean Mamy<\/li>\n<\/ul>\n<h1>Jean Mamy peintre et dessinateur<\/h1>\n<p style=\"text-align: justify;\">Pour compl\u00e9ter les diff\u00e9rentes facettes artistiques quasiment in\u00e9puisable, j\u2019ai retrouv\u00e9 quelques planches de dessins et de caricatures color\u00e9es \u00e0 l\u2019aquarelle, d\u2019un format proche de 30 centim\u00e8tres de large sur 40 de haut, qu\u2019il a r\u00e9alis\u00e9es, soit pour dessiner des costumes pour les personnages de ses pi\u00e8ces, soit pour caricaturer sa vision du monde.<a href=\"http:\/\/monperejeanmamy.fr\/?page_id=294\">Cliquez ici<\/a>.<\/p>\n<p>&nbsp;<\/p>\n","protected":false},"excerpt":{"rendered":"<p>Jean Mamy essayiste : des portraits et des pens\u00e9es La cuve \u00e0 serpents : un recueil de portraits fictifs Empyr\u00e9e : un recueil de pens\u00e9es (manuscrit, illustrations et symboles de Jean Mamy Jean Mamy peintre et dessinateur Pour compl\u00e9ter les &hellip; <a href=\"https:\/\/monperejeanmamy.fr\/?page_id=94\">Continuer la lecture <span class=\"meta-nav\">&rarr;<\/span><\/a><\/p>\n","protected":false},"author":1,"featured_media":1143,"parent":0,"menu_order":0,"comment_status":"closed","ping_status":"closed","template":"","meta":[],"folder":[],"_links":{"self":[{"href":"https:\/\/monperejeanmamy.fr\/index.php?rest_route=\/wp\/v2\/pages\/94"}],"collection":[{"href":"https:\/\/monperejeanmamy.fr\/index.php?rest_route=\/wp\/v2\/pages"}],"about":[{"href":"https:\/\/monperejeanmamy.fr\/index.php?rest_route=\/wp\/v2\/types\/page"}],"author":[{"embeddable":true,"href":"https:\/\/monperejeanmamy.fr\/index.php?rest_route=\/wp\/v2\/users\/1"}],"replies":[{"embeddable":true,"href":"https:\/\/monperejeanmamy.fr\/index.php?rest_route=%2Fwp%2Fv2%2Fcomments&post=94"}],"version-history":[{"count":11,"href":"https:\/\/monperejeanmamy.fr\/index.php?rest_route=\/wp\/v2\/pages\/94\/revisions"}],"predecessor-version":[{"id":1152,"href":"https:\/\/monperejeanmamy.fr\/index.php?rest_route=\/wp\/v2\/pages\/94\/revisions\/1152"}],"wp:featuredmedia":[{"embeddable":true,"href":"https:\/\/monperejeanmamy.fr\/index.php?rest_route=\/wp\/v2\/media\/1143"}],"wp:attachment":[{"href":"https:\/\/monperejeanmamy.fr\/index.php?rest_route=%2Fwp%2Fv2%2Fmedia&parent=94"}],"wp:term":[{"taxonomy":"folder","embeddable":true,"href":"https:\/\/monperejeanmamy.fr\/index.php?rest_route=%2Fwp%2Fv2%2Ffolder&post=94"}],"curies":[{"name":"wp","href":"https:\/\/api.w.org\/{rel}","templated":true}]}}