{"id":96,"date":"2021-02-10T16:08:55","date_gmt":"2021-02-10T15:08:55","guid":{"rendered":"http:\/\/monperejeanmamy.fr\/?page_id=96"},"modified":"2021-03-07T16:22:18","modified_gmt":"2021-03-07T15:22:18","slug":"jean-mamy-ecrits-politiques","status":"publish","type":"page","link":"https:\/\/monperejeanmamy.fr\/?page_id=96","title":{"rendered":"Jean Mamy, \u00e9crits politiques"},"content":{"rendered":"<p style=\"text-align: justify;\">Il est ind\u00e9niable que Jean Mamy a \u00e9t\u00e9 un personnage politique pendant l&rsquo;Occupation, sinon de premier plan, du moins son influence a marqu\u00e9 cette \u00e9poque.<\/p>\n<p style=\"text-align: justify;\">Jean Mamy, qui fut v\u00e9n\u00e9rable de la loge ma\u00e7onnique Ernest Renan au milieu des ann\u00e9es 30 renia la Franc-ma\u00e7onnerie et s&rsquo;av\u00e9ra un anti-franc-ma\u00e7on et un anti-s\u00e9mite virulent. Il r\u00e9alisera, en 1943 le film de propagande anti-ma\u00e7onnique<em> Forces Occultes<\/em> dont Jean Marqu\u00e8s-Rivi\u00e8re sera l&rsquo;auteur du sc\u00e9nario et signera, sous divers pseudonymes, dont celui de Paul Riche, de nombreux articles d&rsquo;une violence inou\u00efe dans les journaux collaborationnistes tels que <em>L&rsquo;Appel<\/em> ou <em>Au Pilor<\/em>i.<\/p>\n<ul>\n<li>Pour en savoir plus sur le film <em>Forces Occultes<\/em>, <a href=\"http:\/\/monperejeanmamy.fr\/?page_id=191\">cliquez ici.<\/a><\/li>\n<li>Pour d\u00e9couvrir la majorit\u00e9 de ses articles de <em>L&rsquo;Appel<\/em> et du <em>Pilori<\/em>, <a href=\"http:\/\/monperejeanmamy.fr\/?page_id=88\">cliquez ic<\/a>i.<\/li>\n<li>Pour acc\u00e9der \u00e0 son <em>Histoire de la Franc-ma\u00e7onnerie<\/em>, <a href=\"http:\/\/monperejeanmamy.fr\/?page_id=186\">cliquez ici.<\/a><\/li>\n<\/ul>\n<p style=\"text-align: justify;\">Jean Mamy a surtout \u00e9crit, dans sa cellule de la prison de Fresnes, d&rsquo;abord en attendant son proc\u00e8s puis, une fois condamn\u00e9 \u00e0 mort, la gr\u00e2ce qu&rsquo;il n&rsquo;a jamais obtenue,\u00a0 trois opuscules permettant de suivre son cheminement :<\/p>\n<ul style=\"text-align: justify;\">\n<li><em>L&rsquo;Enfance sous les armes<\/em>, roman autobiographique qui d\u00e9crit sa vie d&rsquo;adolescent et comment il a v\u00e9cu la guerre de 14-18. <a href=\"http:\/\/monperejeanmamy.fr\/?page_id=160\">Cliquez ici<\/a>;<\/li>\n<li><em>Le Monde dans la nuit, fragments de carnets (1939-1940)<\/em>, o\u00f9 il d\u00e9crit comment, mobilis\u00e9, il a v\u00e9cu la dr\u00f4le de guerre et comment il a per\u00e7u les comportements des Fran\u00e7ais pendant la D\u00e9b\u00e2cle. <a href=\"http:\/\/monperejeanmamy.fr\/?page_id=167\">Cliquez ici<\/a>.<\/li>\n<li><em>Vers l&rsquo;Altruisme autoritaire, Arri\u00e8re-plan d&rsquo;un proc\u00e8s ou le testament d&rsquo;un \u00ab\u00a0collabo\u00a0\u00bb (1933-1944)<\/em>, \u00e9crit en janvier 1949 apr\u00e8s la sentence qui le condamnait \u00e0 mort, o\u00f9 on comprend sans difficult\u00e9 le fond de sa pens\u00e9e et de ses actions qu&rsquo;il, non seulement ne renie pas mais qu&rsquo;il confirme en persistant et signant. <a href=\"http:\/\/monperejeanmamy.fr\/?page_id=172\">Cliquez ici<\/a><\/li>\n<\/ul>\n<p style=\"text-align: justify;\">\n","protected":false},"excerpt":{"rendered":"<p>Il est ind\u00e9niable que Jean Mamy a \u00e9t\u00e9 un personnage politique pendant l&rsquo;Occupation, sinon de premier plan, du moins son influence a marqu\u00e9 cette \u00e9poque. Jean Mamy, qui fut v\u00e9n\u00e9rable de la loge ma\u00e7onnique Ernest Renan au milieu des ann\u00e9es &hellip; <a href=\"https:\/\/monperejeanmamy.fr\/?page_id=96\">Continuer la lecture <span class=\"meta-nav\">&rarr;<\/span><\/a><\/p>\n","protected":false},"author":1,"featured_media":1144,"parent":0,"menu_order":0,"comment_status":"closed","ping_status":"closed","template":"","meta":[],"folder":[],"_links":{"self":[{"href":"https:\/\/monperejeanmamy.fr\/index.php?rest_route=\/wp\/v2\/pages\/96"}],"collection":[{"href":"https:\/\/monperejeanmamy.fr\/index.php?rest_route=\/wp\/v2\/pages"}],"about":[{"href":"https:\/\/monperejeanmamy.fr\/index.php?rest_route=\/wp\/v2\/types\/page"}],"author":[{"embeddable":true,"href":"https:\/\/monperejeanmamy.fr\/index.php?rest_route=\/wp\/v2\/users\/1"}],"replies":[{"embeddable":true,"href":"https:\/\/monperejeanmamy.fr\/index.php?rest_route=%2Fwp%2Fv2%2Fcomments&post=96"}],"version-history":[{"count":8,"href":"https:\/\/monperejeanmamy.fr\/index.php?rest_route=\/wp\/v2\/pages\/96\/revisions"}],"predecessor-version":[{"id":1088,"href":"https:\/\/monperejeanmamy.fr\/index.php?rest_route=\/wp\/v2\/pages\/96\/revisions\/1088"}],"wp:featuredmedia":[{"embeddable":true,"href":"https:\/\/monperejeanmamy.fr\/index.php?rest_route=\/wp\/v2\/media\/1144"}],"wp:attachment":[{"href":"https:\/\/monperejeanmamy.fr\/index.php?rest_route=%2Fwp%2Fv2%2Fmedia&parent=96"}],"wp:term":[{"taxonomy":"folder","embeddable":true,"href":"https:\/\/monperejeanmamy.fr\/index.php?rest_route=%2Fwp%2Fv2%2Ffolder&post=96"}],"curies":[{"name":"wp","href":"https:\/\/api.w.org\/{rel}","templated":true}]}}